{"id":1399,"date":"2023-11-08T02:14:36","date_gmt":"2023-11-08T02:14:36","guid":{"rendered":"https:\/\/ideasforears.medel.com\/?page_id=1399"},"modified":"2025-10-13T14:37:47","modified_gmt":"2025-10-13T14:37:47","slug":"terms-and-conditions-tc-international","status":"publish","type":"page","link":"https:\/\/ideasforears.medel.com\/de\/terms-and-conditions-tc-international\/","title":{"rendered":"Terms and Conditions (T&amp;C) International"},"content":{"rendered":"\n<p><strong>IDEASforEARS Erfinderwettbewerb f\u00fcr Kinder<\/strong><\/p>\n\n\n\n<p>Teilnahmeinformationen und Details zum Wettbewerb sind dem Teilnahmeformular zu entnehmen. Im Falle von Widerspr\u00fcchlichkeiten gelten die untenstehenden Bedingungen. Mit der Teilnahme am Wettbewerb akzeptieren die Teilnehmer die vorliegenden Teilnahmebedingungen.<\/p>\n\n\n\n<p>Die Teilnahme steht Kindern von 6-12 Jahren (w\u00e4hrend der Wettbewerbsdauer) offen.<\/p>\n\n\n\n<p>Kinder von MED-EL Angestellten (und ihre unmittelbaren Familienmitglieder) sowie von Agenturmitarbeitern, die im Zusammenhang mit diesem Wettbewerb stehen, sind von der Teilnahme ausgeschlossen. Unmittelbare Familienmitglieder sind: Kinder oder Stiefkinder (leiblich oder adoptiert), Nichten, Neffen, Br\u00fcder, Schwestern, Stiefbr\u00fcder, Stiefschwestern oder Cousins\/Cousinen ersten Grades.<\/p>\n\n\n\n<p>Kinder, die teilnehmen m\u00f6chten, m\u00fcssen vor der Einsendung des Formulars die elterliche Zustimmung einholen. Diese Zustimmung wird auf dem Teilnahmeformular vermerkt.<\/p>\n\n\n\n<p>Die Teilnahme ist zwischen 9. November 2025 und 17. Januar 2026 m\u00f6glich. Einsendeschluss ist 17. Januar 2026, Mitternacht. Teilnehmer k\u00f6nnen nur mit einer (1) Erfindung teilnehmen.<\/p>\n\n\n\n<p>Die Einsendungen aus den einzelnen L\u00e4ndern werden anhand von Originalit\u00e4t, Kreativit\u00e4t, Praxistauglichkeit, Phantasie und Innovation von einer Jury aus dem jeweiligen Wohnsitzland des Kindes beurteilt. Die Bewertungskriterien basieren auf der Originalit\u00e4t der Erfindung, die die Lebensqualit\u00e4t von Menschen mit H\u00f6rverlust verbessern kann.<\/p>\n\n\n\n<p>Die Finalisten aus den teilnehmenden L\u00e4ndern werden von einer Jury aus Mitarbeitern der MED-EL Firmenzentrale ausgew\u00e4hlt.<\/p>\n\n\n\n<p>Die globalen Gewinner (die Anzahl der GewinnerInnen wird anhand der Qualit\u00e4t der Einreichungen und der Anzahl der TeilnehmerInnen festgelegt) werden mit einer Reise nach Innsbruck (=Hauptpreis) ausgezeichnet. Die Reise findet 2. und 3. Juni 2026 statt und beinhaltet: 2 \u00dcbernachtungen mit Fr\u00fchst\u00fcck in einem Hotel in Innsbruck f\u00fcr ein Kind und einen Erziehungsberechtigten in einem Standardzimmer, Economy-Flug von und zum Flughafen M\u00fcnchen, Wien oder Innsbruck, Flughafentransfers, Innsbruck Welcome Card. Die Preise sind nicht \u00fcbertragbar. Die Sekund\u00e4rpreise bestehen aus MED-EL Merchandising-Produkten.<\/p>\n\n\n\n<p>Die globalen Gewinner werden am oder nach dem 12. Februar 2025 durch eine globale Medienmitteilung verst\u00e4ndigt. Au\u00dferdem werden die Gewinner telefonisch und\/oder per E-Mail verst\u00e4ndigt. MED-EL beh\u00e4lt sich das Recht vor, einen neuen Gewinner auszuw\u00e4hlen, sofern ein Gewinner nicht innerhalb von 72 Stunden nach Verst\u00e4ndigung antwortet. Die Entscheidung von MED-EL ist endg\u00fcltig. Der Preis kann nicht in bar ausbezahlt werden oder in einer anderen Form, etwa durch eine Dienstleistung, eingel\u00f6st werden.<\/p>\n\n\n\n<p>Einsendungen und Ideen zu diesem Wettbewerb, unabh\u00e4ngig davon, ob diese siegreich waren oder nicht, gehen ins exklusive Eigentum von MED-EL \u00fcber, werden nicht verg\u00fctet und nicht zur\u00fcckgegeben. Diese k\u00f6nnen auch f\u00fcr Marketing- und PR-Zwecke f\u00fcr MED-EL verwendet werden.<\/p>\n\n\n\n<p>Fotografien der Finalisten und ihrer Arbeiten d\u00fcrfen auf der ideas4ears-Webseite gepostet werden oder f\u00fcr weitere Werbe- und PR-Zwecke in s\u00e4mtlichen Medien verwendet werden, ohne dass es zu einer Verg\u00fctung, Verwendungseinschr\u00e4nkung oder Haftung kommt.<\/p>\n\n\n\n<p>Die Teilnehmer garantieren, dass ihre Einsendungen an diesem Wettbewerb ihre eigene, von ihnen geschaffene Arbeit ist.<\/p>\n\n\n\n<p>Die Gewinner k\u00f6nnen eingeladen werden, an PR-Veranstaltungen und Medienaktionen auf Online- und Offline-Kan\u00e4len teilzunehmen. Die Teilnehmer erkl\u00e4ren sich zu solchen Aktivit\u00e4ten bereit, wenn sie als Gewinner des Wettbewerbs ausgew\u00e4hlt werden.<\/p>\n\n\n\n<p>Jeder Teilnehmer stimmt zu, dass seine Einsendung zur G\u00e4nze oder zum Teil (einschlie\u00dflich Name, Alter, Teilnehmerland und Foto) von MED-EL ver\u00f6ffentlicht (Druck und\/oder Online, Social Media) sowie f\u00fcr andere PR-Zwecke und -Aktivit\u00e4ten verwendet werden darf. Achtung: E-Mail oder Heimatadresse der Teilnehmer werden nicht ver\u00f6ffentlicht.<\/p>\n\n\n\n<p>Mit der Teilnahme an diesem Wettbewerb stimmen die Teilnehmer den vorliegenden Teilnahmebedingungen zu und erkennen an, dass die Entscheidung von MED-EL in allen diesen Wettbewerb betreffenden Angelegenheiten endg\u00fcltig und bindend ist.<\/p>\n\n\n\n<p>Alle Einsendungen gelten mit Einlangen bei MED-EL als erhalten und NICHT zum Zeitpunkt des Versands seitens des Teilnehmers. Als Beweis f\u00fcr den Zeitpunkt des Eingangs gelten die Aufzeichnungen von MED-EL. Versp\u00e4tete, verlorengegangene, falsch adressierte, illegale, unvollst\u00e4ndige, unleserliche, besch\u00e4digte, kopierte oder ge\u00e4nderte Einsendungen werden als ung\u00fcltig erachtet. MED-EL \u00fcbernimmt keine Verantwortung f\u00fcr solche Einsendungen. MED-EL \u00fcbernimmt ebenso keine Verantwortung f\u00fcr Fehler, technische Fehlfunktionen, Verlust, Vers\u00e4umnis, Kommunikationsverz\u00f6gerungen oder Ausf\u00e4lle.<\/p>\n\n\n\n<p>MED-EL beh\u00e4lt sich das Recht vor, diese Teilnahmebedingungen abzu\u00e4ndern oder den Wettbewerb zu jedem Zeitpunkt ohne vorherige Ank\u00fcndigung abzu\u00e4ndern, auszusetzen, zu beenden oder abzusagen.<\/p>\n\n\n\n<p>MED-EL \u00fcbernimmt keine Verantwortung f\u00fcr Verlust, Verletzungen oder Entt\u00e4uschungen von Teilnehmern (einschlie\u00dflich G\u00e4sten), die aus der Teilnahme an dem Wettbewerb und\/oder durch die Annahme und\/oder Teilnahme an den Preisen entstehen.<\/p>\n","protected":false},"excerpt":{"rendered":"<p>IDEASforEARS Erfinderwettbewerb f\u00fcr Kinder Teilnahmeinformationen und Details zum Wettbewerb sind dem Teilnahmeformular zu entnehmen. Im Falle von Widerspr\u00fcchlichkeiten gelten die untenstehenden Bedingungen. Mit der Teilnahme am Wettbewerb akzeptieren die Teilnehmer die vorliegenden Teilnahmebedingungen. Die Teilnahme steht Kindern von 6-12 Jahren (w\u00e4hrend der Wettbewerbsdauer) offen. Kinder von MED-EL Angestellten (und ihre unmittelbaren Familienmitglieder) sowie von Agenturmitarbeitern, [&hellip;]<\/p>\n","protected":false},"author":1,"featured_media":156,"parent":0,"menu_order":0,"comment_status":"closed","ping_status":"closed","template":"","meta":{"footnotes":""},"class_list":["post-1399","page","type-page","status-publish","has-post-thumbnail","hentry"],"acf":[],"yoast_head":"<!-- This site is optimized with the Yoast SEO plugin v25.5 - https:\/\/yoast.com\/wordpress\/plugins\/seo\/ -->\n<title>Terms and Conditions (T&amp;C) International - IDEASforEARS<\/title>\n<meta name=\"description\" content=\"One idea can change lives and give you the chance to win a trip of a lifetime\" \/>\n<meta name=\"robots\" content=\"index, follow, max-snippet:-1, max-image-preview:large, max-video-preview:-1\" \/>\n<link rel=\"canonical\" href=\"https:\/\/ideasforears.medel.com\/de\/terms-and-conditions-tc-international\/\" \/>\n<meta property=\"og:locale\" content=\"de_DE\" \/>\n<meta property=\"og:type\" content=\"article\" \/>\n<meta property=\"og:title\" content=\"Terms and Conditions (T&amp;C) International - IDEASforEARS\" \/>\n<meta property=\"og:description\" content=\"One idea can change lives and give you the chance to win a trip of a lifetime\" \/>\n<meta property=\"og:url\" content=\"https:\/\/ideasforears.medel.com\/de\/terms-and-conditions-tc-international\/\" \/>\n<meta property=\"og:site_name\" content=\"IDEASforEARS\" \/>\n<meta property=\"article:publisher\" content=\"https:\/\/www.facebook.com\/IDEASforEARScontest\/\" \/>\n<meta property=\"article:modified_time\" content=\"2025-10-13T14:37:47+00:00\" \/>\n<meta name=\"twitter:card\" content=\"summary_large_image\" \/>\n<meta name=\"twitter:label1\" content=\"Est. reading time\" \/>\n\t<meta name=\"twitter:data1\" content=\"4 minutes\" \/>\n<script type=\"application\/ld+json\" class=\"yoast-schema-graph\">{\"@context\":\"https:\/\/schema.org\",\"@graph\":[{\"@type\":\"WebPage\",\"@id\":\"https:\/\/ideasforears.medel.com\/de\/terms-and-conditions-tc-international\/\",\"url\":\"https:\/\/ideasforears.medel.com\/de\/terms-and-conditions-tc-international\/\",\"name\":\"Terms and Conditions (T&amp;C) International - IDEASforEARS\",\"isPartOf\":{\"@id\":\"https:\/\/ideasforears.medel.com\/de\/#website\"},\"primaryImageOfPage\":{\"@id\":\"https:\/\/ideasforears.medel.com\/de\/terms-and-conditions-tc-international\/#primaryimage\"},\"image\":{\"@id\":\"https:\/\/ideasforears.medel.com\/de\/terms-and-conditions-tc-international\/#primaryimage\"},\"thumbnailUrl\":\"https:\/\/ideasforears.medel.com\/wp-content\/uploads\/2023\/10\/logo_ideas_for_ears.svg\",\"datePublished\":\"2023-11-08T02:14:36+00:00\",\"dateModified\":\"2025-10-13T14:37:47+00:00\",\"description\":\"One idea can change lives and give you the chance to win a trip of a lifetime\",\"breadcrumb\":{\"@id\":\"https:\/\/ideasforears.medel.com\/de\/terms-and-conditions-tc-international\/#breadcrumb\"},\"inLanguage\":\"de\",\"potentialAction\":[{\"@type\":\"ReadAction\",\"target\":[\"https:\/\/ideasforears.medel.com\/de\/terms-and-conditions-tc-international\/\"]}]},{\"@type\":\"ImageObject\",\"inLanguage\":\"de\",\"@id\":\"https:\/\/ideasforears.medel.com\/de\/terms-and-conditions-tc-international\/#primaryimage\",\"url\":\"https:\/\/ideasforears.medel.com\/wp-content\/uploads\/2023\/10\/logo_ideas_for_ears.svg\",\"contentUrl\":\"https:\/\/ideasforears.medel.com\/wp-content\/uploads\/2023\/10\/logo_ideas_for_ears.svg\"},{\"@type\":\"BreadcrumbList\",\"@id\":\"https:\/\/ideasforears.medel.com\/de\/terms-and-conditions-tc-international\/#breadcrumb\",\"itemListElement\":[{\"@type\":\"ListItem\",\"position\":1,\"name\":\"Home\",\"item\":\"https:\/\/ideasforears.medel.com\/de\/\"},{\"@type\":\"ListItem\",\"position\":2,\"name\":\"Terms and Conditions (T&amp;C) International\"}]},{\"@type\":\"WebSite\",\"@id\":\"https:\/\/ideasforears.medel.com\/de\/#website\",\"url\":\"https:\/\/ideasforears.medel.com\/de\/\",\"name\":\"IDEASforEARS\",\"description\":\"\",\"publisher\":{\"@id\":\"https:\/\/ideasforears.medel.com\/de\/#organization\"},\"potentialAction\":[{\"@type\":\"SearchAction\",\"target\":{\"@type\":\"EntryPoint\",\"urlTemplate\":\"https:\/\/ideasforears.medel.com\/de\/?s={search_term_string}\"},\"query-input\":{\"@type\":\"PropertyValueSpecification\",\"valueRequired\":true,\"valueName\":\"search_term_string\"}}],\"inLanguage\":\"de\"},{\"@type\":\"Organization\",\"@id\":\"https:\/\/ideasforears.medel.com\/de\/#organization\",\"name\":\"IDEASforEARS\",\"url\":\"https:\/\/ideasforears.medel.com\/de\/\",\"logo\":{\"@type\":\"ImageObject\",\"inLanguage\":\"de\",\"@id\":\"https:\/\/ideasforears.medel.com\/de\/#\/schema\/logo\/image\/\",\"url\":\"https:\/\/ideasforears.medel.com\/wp-content\/uploads\/2023\/10\/logo_ideas_for_ears.svg\",\"contentUrl\":\"https:\/\/ideasforears.medel.com\/wp-content\/uploads\/2023\/10\/logo_ideas_for_ears.svg\",\"width\":97,\"height\":70,\"caption\":\"IDEASforEARS\"},\"image\":{\"@id\":\"https:\/\/ideasforears.medel.com\/de\/#\/schema\/logo\/image\/\"},\"sameAs\":[\"https:\/\/www.facebook.com\/IDEASforEARScontest\/\"]}]}<\/script>\n<!-- \/ Yoast SEO plugin. -->","yoast_head_json":{"title":"Terms and Conditions (T&amp;C) International - IDEASforEARS","description":"One idea can change lives and give you the chance to win a trip of a lifetime","robots":{"index":"index","follow":"follow","max-snippet":"max-snippet:-1","max-image-preview":"max-image-preview:large","max-video-preview":"max-video-preview:-1"},"canonical":"https:\/\/ideasforears.medel.com\/de\/terms-and-conditions-tc-international\/","og_locale":"de_DE","og_type":"article","og_title":"Terms and Conditions (T&amp;C) International - IDEASforEARS","og_description":"One idea can change lives and give you the chance to win a trip of a lifetime","og_url":"https:\/\/ideasforears.medel.com\/de\/terms-and-conditions-tc-international\/","og_site_name":"IDEASforEARS","article_publisher":"https:\/\/www.facebook.com\/IDEASforEARScontest\/","article_modified_time":"2025-10-13T14:37:47+00:00","twitter_card":"summary_large_image","twitter_misc":{"Est. reading time":"4 minutes"},"schema":{"@context":"https:\/\/schema.org","@graph":[{"@type":"WebPage","@id":"https:\/\/ideasforears.medel.com\/de\/terms-and-conditions-tc-international\/","url":"https:\/\/ideasforears.medel.com\/de\/terms-and-conditions-tc-international\/","name":"Terms and Conditions (T&amp;C) International - IDEASforEARS","isPartOf":{"@id":"https:\/\/ideasforears.medel.com\/de\/#website"},"primaryImageOfPage":{"@id":"https:\/\/ideasforears.medel.com\/de\/terms-and-conditions-tc-international\/#primaryimage"},"image":{"@id":"https:\/\/ideasforears.medel.com\/de\/terms-and-conditions-tc-international\/#primaryimage"},"thumbnailUrl":"https:\/\/ideasforears.medel.com\/wp-content\/uploads\/2023\/10\/logo_ideas_for_ears.svg","datePublished":"2023-11-08T02:14:36+00:00","dateModified":"2025-10-13T14:37:47+00:00","description":"One idea can change lives and give you the chance to win a trip of a lifetime","breadcrumb":{"@id":"https:\/\/ideasforears.medel.com\/de\/terms-and-conditions-tc-international\/#breadcrumb"},"inLanguage":"de","potentialAction":[{"@type":"ReadAction","target":["https:\/\/ideasforears.medel.com\/de\/terms-and-conditions-tc-international\/"]}]},{"@type":"ImageObject","inLanguage":"de","@id":"https:\/\/ideasforears.medel.com\/de\/terms-and-conditions-tc-international\/#primaryimage","url":"https:\/\/ideasforears.medel.com\/wp-content\/uploads\/2023\/10\/logo_ideas_for_ears.svg","contentUrl":"https:\/\/ideasforears.medel.com\/wp-content\/uploads\/2023\/10\/logo_ideas_for_ears.svg"},{"@type":"BreadcrumbList","@id":"https:\/\/ideasforears.medel.com\/de\/terms-and-conditions-tc-international\/#breadcrumb","itemListElement":[{"@type":"ListItem","position":1,"name":"Home","item":"https:\/\/ideasforears.medel.com\/de\/"},{"@type":"ListItem","position":2,"name":"Terms and Conditions (T&amp;C) International"}]},{"@type":"WebSite","@id":"https:\/\/ideasforears.medel.com\/de\/#website","url":"https:\/\/ideasforears.medel.com\/de\/","name":"IDEASforEARS","description":"","publisher":{"@id":"https:\/\/ideasforears.medel.com\/de\/#organization"},"potentialAction":[{"@type":"SearchAction","target":{"@type":"EntryPoint","urlTemplate":"https:\/\/ideasforears.medel.com\/de\/?s={search_term_string}"},"query-input":{"@type":"PropertyValueSpecification","valueRequired":true,"valueName":"search_term_string"}}],"inLanguage":"de"},{"@type":"Organization","@id":"https:\/\/ideasforears.medel.com\/de\/#organization","name":"IDEASforEARS","url":"https:\/\/ideasforears.medel.com\/de\/","logo":{"@type":"ImageObject","inLanguage":"de","@id":"https:\/\/ideasforears.medel.com\/de\/#\/schema\/logo\/image\/","url":"https:\/\/ideasforears.medel.com\/wp-content\/uploads\/2023\/10\/logo_ideas_for_ears.svg","contentUrl":"https:\/\/ideasforears.medel.com\/wp-content\/uploads\/2023\/10\/logo_ideas_for_ears.svg","width":97,"height":70,"caption":"IDEASforEARS"},"image":{"@id":"https:\/\/ideasforears.medel.com\/de\/#\/schema\/logo\/image\/"},"sameAs":["https:\/\/www.facebook.com\/IDEASforEARScontest\/"]}]}},"_links":{"self":[{"href":"https:\/\/ideasforears.medel.com\/de\/wp-json\/wp\/v2\/pages\/1399","targetHints":{"allow":["GET"]}}],"collection":[{"href":"https:\/\/ideasforears.medel.com\/de\/wp-json\/wp\/v2\/pages"}],"about":[{"href":"https:\/\/ideasforears.medel.com\/de\/wp-json\/wp\/v2\/types\/page"}],"author":[{"embeddable":true,"href":"https:\/\/ideasforears.medel.com\/de\/wp-json\/wp\/v2\/users\/1"}],"replies":[{"embeddable":true,"href":"https:\/\/ideasforears.medel.com\/de\/wp-json\/wp\/v2\/comments?post=1399"}],"version-history":[{"count":3,"href":"https:\/\/ideasforears.medel.com\/de\/wp-json\/wp\/v2\/pages\/1399\/revisions"}],"predecessor-version":[{"id":26485,"href":"https:\/\/ideasforears.medel.com\/de\/wp-json\/wp\/v2\/pages\/1399\/revisions\/26485"}],"wp:featuredmedia":[{"embeddable":true,"href":"https:\/\/ideasforears.medel.com\/de\/wp-json\/wp\/v2\/media\/156"}],"wp:attachment":[{"href":"https:\/\/ideasforears.medel.com\/de\/wp-json\/wp\/v2\/media?parent=1399"}],"curies":[{"name":"wp","href":"https:\/\/api.w.org\/{rel}","templated":true}]}}