{"id":1702,"date":"2023-11-23T03:55:36","date_gmt":"2023-11-23T03:55:36","guid":{"rendered":"https:\/\/ideasforears.medel.com\/?page_id=1702"},"modified":"2025-11-03T18:00:02","modified_gmt":"2025-11-03T18:00:02","slug":"danke-seite","status":"publish","type":"page","link":"https:\/\/ideasforears.medel.com\/de\/danke-seite\/","title":{"rendered":"Danke Seite"},"content":{"rendered":"\n<div class=\"col-12 text-center color-white text-white\">\n    <h2 class=\"w-900\">Vielen Dank f\u00fcr das Teilen deiner Idee.<\/h2>\n    <p>Deine Idee wurde erfolgreich \u00fcbermittelt. Bitte warte auf die Entscheidung der Jury. Die Gewinnerkinder werden am 12. Februar 2026 bekanntgegeben.<\/p>\n    <div class=\"separator mb-5 background-white\"><\/div>\n<\/div>\n<a class=\"prev-step\" href=\"https:\/\/ideasforears.medel.com\/de\">Zur\u00fcck zur Startseite<\/a>\n","protected":false},"excerpt":{"rendered":"<p>Vielen Dank f\u00fcr das Teilen deiner Idee. Deine Idee wurde erfolgreich \u00fcbermittelt. Bitte warte auf die Entscheidung der Jury. Die Gewinnerkinder werden am 12. Februar 2026 bekanntgegeben. Zur\u00fcck zur Startseite<\/p>\n","protected":false},"author":1,"featured_media":156,"parent":0,"menu_order":0,"comment_status":"closed","ping_status":"closed","template":"template-thankyou.php","meta":{"footnotes":""},"class_list":["post-1702","page","type-page","status-publish","has-post-thumbnail","hentry"],"acf":[],"yoast_head":"<!-- This site is optimized with the Yoast SEO plugin v25.5 - https:\/\/yoast.com\/wordpress\/plugins\/seo\/ -->\n<title>Danke Seite - IDEASforEARS<\/title>\n<meta name=\"description\" content=\"One idea can change lives and give you the chance to win a trip of a lifetime\" \/>\n<meta name=\"robots\" content=\"index, follow, max-snippet:-1, max-image-preview:large, max-video-preview:-1\" \/>\n<link rel=\"canonical\" href=\"https:\/\/ideasforears.medel.com\/de\/danke-seite\/\" \/>\n<meta property=\"og:locale\" content=\"de_DE\" \/>\n<meta property=\"og:type\" content=\"article\" \/>\n<meta property=\"og:title\" content=\"Danke Seite - IDEASforEARS\" \/>\n<meta property=\"og:description\" content=\"One idea can change lives and give you the chance to win a trip of a lifetime\" \/>\n<meta property=\"og:url\" content=\"https:\/\/ideasforears.medel.com\/de\/danke-seite\/\" \/>\n<meta property=\"og:site_name\" content=\"IDEASforEARS\" \/>\n<meta property=\"article:publisher\" content=\"https:\/\/www.facebook.com\/IDEASforEARScontest\/\" \/>\n<meta property=\"article:modified_time\" content=\"2025-11-03T18:00:02+00:00\" \/>\n<meta name=\"twitter:card\" content=\"summary_large_image\" \/>\n<meta name=\"twitter:label1\" content=\"Est. reading time\" \/>\n\t<meta name=\"twitter:data1\" content=\"1 minute\" \/>\n<script type=\"application\/ld+json\" class=\"yoast-schema-graph\">{\"@context\":\"https:\/\/schema.org\",\"@graph\":[{\"@type\":\"WebPage\",\"@id\":\"https:\/\/ideasforears.medel.com\/de\/danke-seite\/\",\"url\":\"https:\/\/ideasforears.medel.com\/de\/danke-seite\/\",\"name\":\"Danke Seite - IDEASforEARS\",\"isPartOf\":{\"@id\":\"https:\/\/ideasforears.medel.com\/de\/#website\"},\"primaryImageOfPage\":{\"@id\":\"https:\/\/ideasforears.medel.com\/de\/danke-seite\/#primaryimage\"},\"image\":{\"@id\":\"https:\/\/ideasforears.medel.com\/de\/danke-seite\/#primaryimage\"},\"thumbnailUrl\":\"https:\/\/ideasforears.medel.com\/wp-content\/uploads\/2023\/10\/logo_ideas_for_ears.svg\",\"datePublished\":\"2023-11-23T03:55:36+00:00\",\"dateModified\":\"2025-11-03T18:00:02+00:00\",\"description\":\"One idea can change lives and give you the chance to win a trip of a lifetime\",\"breadcrumb\":{\"@id\":\"https:\/\/ideasforears.medel.com\/de\/danke-seite\/#breadcrumb\"},\"inLanguage\":\"de\",\"potentialAction\":[{\"@type\":\"ReadAction\",\"target\":[\"https:\/\/ideasforears.medel.com\/de\/danke-seite\/\"]}]},{\"@type\":\"ImageObject\",\"inLanguage\":\"de\",\"@id\":\"https:\/\/ideasforears.medel.com\/de\/danke-seite\/#primaryimage\",\"url\":\"https:\/\/ideasforears.medel.com\/wp-content\/uploads\/2023\/10\/logo_ideas_for_ears.svg\",\"contentUrl\":\"https:\/\/ideasforears.medel.com\/wp-content\/uploads\/2023\/10\/logo_ideas_for_ears.svg\"},{\"@type\":\"BreadcrumbList\",\"@id\":\"https:\/\/ideasforears.medel.com\/de\/danke-seite\/#breadcrumb\",\"itemListElement\":[{\"@type\":\"ListItem\",\"position\":1,\"name\":\"Home\",\"item\":\"https:\/\/ideasforears.medel.com\/de\/\"},{\"@type\":\"ListItem\",\"position\":2,\"name\":\"Danke Seite\"}]},{\"@type\":\"WebSite\",\"@id\":\"https:\/\/ideasforears.medel.com\/de\/#website\",\"url\":\"https:\/\/ideasforears.medel.com\/de\/\",\"name\":\"IDEASforEARS\",\"description\":\"\",\"publisher\":{\"@id\":\"https:\/\/ideasforears.medel.com\/de\/#organization\"},\"potentialAction\":[{\"@type\":\"SearchAction\",\"target\":{\"@type\":\"EntryPoint\",\"urlTemplate\":\"https:\/\/ideasforears.medel.com\/de\/?s={search_term_string}\"},\"query-input\":{\"@type\":\"PropertyValueSpecification\",\"valueRequired\":true,\"valueName\":\"search_term_string\"}}],\"inLanguage\":\"de\"},{\"@type\":\"Organization\",\"@id\":\"https:\/\/ideasforears.medel.com\/de\/#organization\",\"name\":\"IDEASforEARS\",\"url\":\"https:\/\/ideasforears.medel.com\/de\/\",\"logo\":{\"@type\":\"ImageObject\",\"inLanguage\":\"de\",\"@id\":\"https:\/\/ideasforears.medel.com\/de\/#\/schema\/logo\/image\/\",\"url\":\"https:\/\/ideasforears.medel.com\/wp-content\/uploads\/2023\/10\/logo_ideas_for_ears.svg\",\"contentUrl\":\"https:\/\/ideasforears.medel.com\/wp-content\/uploads\/2023\/10\/logo_ideas_for_ears.svg\",\"width\":97,\"height\":70,\"caption\":\"IDEASforEARS\"},\"image\":{\"@id\":\"https:\/\/ideasforears.medel.com\/de\/#\/schema\/logo\/image\/\"},\"sameAs\":[\"https:\/\/www.facebook.com\/IDEASforEARScontest\/\"]}]}<\/script>\n<!-- \/ Yoast SEO plugin. -->","yoast_head_json":{"title":"Danke Seite - IDEASforEARS","description":"One idea can change lives and give you the chance to win a trip of a lifetime","robots":{"index":"index","follow":"follow","max-snippet":"max-snippet:-1","max-image-preview":"max-image-preview:large","max-video-preview":"max-video-preview:-1"},"canonical":"https:\/\/ideasforears.medel.com\/de\/danke-seite\/","og_locale":"de_DE","og_type":"article","og_title":"Danke Seite - IDEASforEARS","og_description":"One idea can change lives and give you the chance to win a trip of a lifetime","og_url":"https:\/\/ideasforears.medel.com\/de\/danke-seite\/","og_site_name":"IDEASforEARS","article_publisher":"https:\/\/www.facebook.com\/IDEASforEARScontest\/","article_modified_time":"2025-11-03T18:00:02+00:00","twitter_card":"summary_large_image","twitter_misc":{"Est. reading time":"1 minute"},"schema":{"@context":"https:\/\/schema.org","@graph":[{"@type":"WebPage","@id":"https:\/\/ideasforears.medel.com\/de\/danke-seite\/","url":"https:\/\/ideasforears.medel.com\/de\/danke-seite\/","name":"Danke Seite - IDEASforEARS","isPartOf":{"@id":"https:\/\/ideasforears.medel.com\/de\/#website"},"primaryImageOfPage":{"@id":"https:\/\/ideasforears.medel.com\/de\/danke-seite\/#primaryimage"},"image":{"@id":"https:\/\/ideasforears.medel.com\/de\/danke-seite\/#primaryimage"},"thumbnailUrl":"https:\/\/ideasforears.medel.com\/wp-content\/uploads\/2023\/10\/logo_ideas_for_ears.svg","datePublished":"2023-11-23T03:55:36+00:00","dateModified":"2025-11-03T18:00:02+00:00","description":"One idea can change lives and give you the chance to win a trip of a lifetime","breadcrumb":{"@id":"https:\/\/ideasforears.medel.com\/de\/danke-seite\/#breadcrumb"},"inLanguage":"de","potentialAction":[{"@type":"ReadAction","target":["https:\/\/ideasforears.medel.com\/de\/danke-seite\/"]}]},{"@type":"ImageObject","inLanguage":"de","@id":"https:\/\/ideasforears.medel.com\/de\/danke-seite\/#primaryimage","url":"https:\/\/ideasforears.medel.com\/wp-content\/uploads\/2023\/10\/logo_ideas_for_ears.svg","contentUrl":"https:\/\/ideasforears.medel.com\/wp-content\/uploads\/2023\/10\/logo_ideas_for_ears.svg"},{"@type":"BreadcrumbList","@id":"https:\/\/ideasforears.medel.com\/de\/danke-seite\/#breadcrumb","itemListElement":[{"@type":"ListItem","position":1,"name":"Home","item":"https:\/\/ideasforears.medel.com\/de\/"},{"@type":"ListItem","position":2,"name":"Danke Seite"}]},{"@type":"WebSite","@id":"https:\/\/ideasforears.medel.com\/de\/#website","url":"https:\/\/ideasforears.medel.com\/de\/","name":"IDEASforEARS","description":"","publisher":{"@id":"https:\/\/ideasforears.medel.com\/de\/#organization"},"potentialAction":[{"@type":"SearchAction","target":{"@type":"EntryPoint","urlTemplate":"https:\/\/ideasforears.medel.com\/de\/?s={search_term_string}"},"query-input":{"@type":"PropertyValueSpecification","valueRequired":true,"valueName":"search_term_string"}}],"inLanguage":"de"},{"@type":"Organization","@id":"https:\/\/ideasforears.medel.com\/de\/#organization","name":"IDEASforEARS","url":"https:\/\/ideasforears.medel.com\/de\/","logo":{"@type":"ImageObject","inLanguage":"de","@id":"https:\/\/ideasforears.medel.com\/de\/#\/schema\/logo\/image\/","url":"https:\/\/ideasforears.medel.com\/wp-content\/uploads\/2023\/10\/logo_ideas_for_ears.svg","contentUrl":"https:\/\/ideasforears.medel.com\/wp-content\/uploads\/2023\/10\/logo_ideas_for_ears.svg","width":97,"height":70,"caption":"IDEASforEARS"},"image":{"@id":"https:\/\/ideasforears.medel.com\/de\/#\/schema\/logo\/image\/"},"sameAs":["https:\/\/www.facebook.com\/IDEASforEARScontest\/"]}]}},"_links":{"self":[{"href":"https:\/\/ideasforears.medel.com\/de\/wp-json\/wp\/v2\/pages\/1702","targetHints":{"allow":["GET"]}}],"collection":[{"href":"https:\/\/ideasforears.medel.com\/de\/wp-json\/wp\/v2\/pages"}],"about":[{"href":"https:\/\/ideasforears.medel.com\/de\/wp-json\/wp\/v2\/types\/page"}],"author":[{"embeddable":true,"href":"https:\/\/ideasforears.medel.com\/de\/wp-json\/wp\/v2\/users\/1"}],"replies":[{"embeddable":true,"href":"https:\/\/ideasforears.medel.com\/de\/wp-json\/wp\/v2\/comments?post=1702"}],"version-history":[{"count":3,"href":"https:\/\/ideasforears.medel.com\/de\/wp-json\/wp\/v2\/pages\/1702\/revisions"}],"predecessor-version":[{"id":26531,"href":"https:\/\/ideasforears.medel.com\/de\/wp-json\/wp\/v2\/pages\/1702\/revisions\/26531"}],"wp:featuredmedia":[{"embeddable":true,"href":"https:\/\/ideasforears.medel.com\/de\/wp-json\/wp\/v2\/media\/156"}],"wp:attachment":[{"href":"https:\/\/ideasforears.medel.com\/de\/wp-json\/wp\/v2\/media?parent=1702"}],"curies":[{"name":"wp","href":"https:\/\/api.w.org\/{rel}","templated":true}]}}