{"id":1410,"date":"2023-11-08T02:14:36","date_gmt":"2023-11-08T02:14:36","guid":{"rendered":"https:\/\/ideasforears.medel.com\/?page_id=1410"},"modified":"2025-10-13T14:32:45","modified_gmt":"2025-10-13T14:32:45","slug":"terminos-y-condiciones-t-y-c-internacional","status":"publish","type":"page","link":"https:\/\/ideasforears.medel.com\/es\/terminos-y-condiciones-t-y-c-internacional\/","title":{"rendered":"T\u00e9rminos y condiciones (T y C) Internacional"},"content":{"rendered":"\n<p><strong>Concurso de inventos infantiles IDEASforEARS<\/strong><strong><\/strong><\/p>\n\n\n\n<p>Todos los detalles del concurso y la informaci\u00f3n sobre c\u00f3mo participar figuran en el formulario de inscripci\u00f3n. En caso de discrepancia, prevalecer\u00e1n los siguientes t\u00e9rminos. La participaci\u00f3n en el concurso implica la aceptaci\u00f3n de estos t\u00e9rminos.<\/p>\n\n\n\n<p>El concurso va dirigido a ni\u00f1os de entre 6 y 12 a\u00f1os de edad (durante el per\u00edodo del concurso).<\/p>\n\n\n\n<p>Los hijos de empleados (as\u00ed como sus familiares directos) de MED-EL y agencias asociadas a este concurso, no podr\u00e1n participar. Se entiende por familiar directo: hijo o hijastro, sobrina, sobrino, hermano, hermana, hermanastro, hermanastra o primos en primer grado.<\/p>\n\n\n\n<p>Los ni\u00f1os que deseen participar deber\u00e1n obtener el consentimiento previo de sus padres para poder inscribirse. El consentimiento deber\u00e1 adjuntarse al formulario de inscripci\u00f3n.<\/p>\n\n\n\n<p>El plazo para enviar las inscripciones comienza el 9 de noviembre 2025 y termina el 17 de enero de 2026. Las inscripciones se cerrar\u00e1n a medianoche del 17 de enero de 2026. Los concursantes solo podr\u00e1n participar una vez.<\/p>\n\n\n\n<p>MED-EL, a su total discreci\u00f3n, seleccionar\u00e1 los finalistas atendiendo a las pruebas de originalidad, creatividad, utilidad, imaginaci\u00f3n, innovaci\u00f3n e idoneidad para la marca. Los criterios de valoraci\u00f3n se basan en la originalidad de una invenci\u00f3n que pueda mejorar la vida de las personas con p\u00e9rdida auditiva.<\/p>\n\n\n\n<p>El premio consiste en un viaje a Innsbruck. El viaje se realizar\u00e1 e 2 y 3 de junio del 2026 y consiste en 2 noches con desayuno incluido en un hotel de Innsbruck para 1 ni\u00f1o\/a y 1 acompa\u00f1ante en una habitaci\u00f3n est\u00e1ndar, viaje en tren o avi\u00f3n en clase econ\u00f3mica desde y hacia un aeropuerto (Munich, Viena o Innsbruck), traslados al aeropuerto, posibles costes de visado, y tarjeta de bienvenida de Innsbruck. La fecha del viaje de los ganadores la determina MED-EL y no es negociable. Los premios no pueden ser transferidos, realizados en otro a\u00f1o o intercambiados por efectivo, cr\u00e9dito o servicios.<\/p>\n\n\n\n<p>Los ganadores se anunciar\u00e1n el 12 de febrero de 2026, a trav\u00e9s de un comunicado de prensa global. Los ganadores finales ser\u00e1n notificados por tel\u00e9fono y \/ o correo electr\u00f3nico por adelantado. La decisi\u00f3n de MED-EL es definitiva y no se mantendr\u00e1 ninguna reclamaci\u00f3n.<\/p>\n\n\n\n<p>Las propuestas e ideas presentadas al concurso, resulten ganadoras o no, pasar\u00e1n a ser propiedad exclusiva de MED-EL y no ser\u00e1n devueltas ni reconocida su autor\u00eda. De esta forma, la empresa se reserva el derecho de utilizarlas para fines de marketing y publicidad de la marca MED-EL.<\/p>\n\n\n\n<p>Las fotograf\u00edas de los finalistas y sus trabajos podr\u00e1n publicarse en los canales propiedad de MED-EL, o utilizarse en el futuro con fines promocionales, de comercializaci\u00f3n o publicitarios, en cualquier medio y sin contrapartida, restricci\u00f3n de uso, atribuci\u00f3n ni responsabilidad.<\/p>\n\n\n\n<p>Los participantes garantizan que las ideas presentadas para el concurso son un trabajo original creado personalmente por ellos.<\/p>\n\n\n\n<p>Los ganadores ser\u00e1n invitados a participar en eventos publicitarios y promociones con los medios de comunicaci\u00f3n tanto online como offline. Aquellos que decidan participar en el concurso, aceptan estas condiciones y estar\u00e1n dispuestos a participar en tales actividades si resultan ganadores del concurso.<\/p>\n\n\n\n<p>Cada participante acepta que MED-EL pueda hacer p\u00fablica su identidad total o parcialmente (incluido el nombre, poblaci\u00f3n \/ pa\u00eds participante y foto), en formato impreso y \/ o digital, incluido redes sociales, y utilizada para otros fines publicitarios. Nota: esto NO incluir\u00e1 la direcci\u00f3n de correo electr\u00f3nico ni del domicilio de los participantes.<\/p>\n\n\n\n<p>Al presentarse al concurso, los participantes aceptan someterse a estos t\u00e9rminos y condiciones y a las decisiones de MED-EL, que ser\u00e1n definitivas y vinculantes en todos los aspectos relacionados con este concurso.<\/p>\n\n\n\n<p>Es importante indicar que todos los env\u00edos de propuestas se considerar\u00e1n recibidos en el momento de la recepci\u00f3n por MED-EL y NO en el momento de la transmisi\u00f3n por parte del participante. El registro de MED-EL es concluyente en relaci\u00f3n con el momento de la recepci\u00f3n. Las solicitudes tard\u00edas, perdidas, robadas, mal enviadas, ilegales, incompletas, ilegibles, da\u00f1adas, reproducidas o alteradas no ser\u00e1n v\u00e1lidas. MED-EL no se hace responsable de dichos env\u00edos ni de cualquier error, mal funcionamiento t\u00e9cnico, p\u00e9rdida, omisi\u00f3n, retraso o fallo en las comunicaciones.<\/p>\n\n\n\n<p>MED-EL se reserva el derecho de modificar estos t\u00e9rminos o de modificar, suspender o cancelar el concurso en cualquier momento sin previo aviso.<\/p>\n\n\n\n<p>MED-EL no acepta responsabilidad alguna por la p\u00e9rdida, da\u00f1o material o f\u00edsico, o decepci\u00f3n que pudiera sufrir alg\u00fan concursante (incluido los invitados) como resultado de su participaci\u00f3n en el concurso y \/ o por la aceptaci\u00f3n y \/ o participaci\u00f3n en cualquiera de los premios.<\/p>\n","protected":false},"excerpt":{"rendered":"<p>Concurso de inventos infantiles IDEASforEARS Todos los detalles del concurso y la informaci\u00f3n sobre c\u00f3mo participar figuran en el formulario de inscripci\u00f3n. En caso de discrepancia, prevalecer\u00e1n los siguientes t\u00e9rminos. La participaci\u00f3n en el concurso implica la aceptaci\u00f3n de estos t\u00e9rminos. El concurso va dirigido a ni\u00f1os de entre 6 y 12 a\u00f1os de edad [&hellip;]<\/p>\n","protected":false},"author":1,"featured_media":157,"parent":0,"menu_order":0,"comment_status":"closed","ping_status":"closed","template":"","meta":{"footnotes":""},"class_list":["post-1410","page","type-page","status-publish","has-post-thumbnail","hentry"],"acf":[],"yoast_head":"<!-- This site is optimized with the Yoast SEO plugin v25.5 - https:\/\/yoast.com\/wordpress\/plugins\/seo\/ -->\n<title>T\u00e9rminos y condiciones (T y C) Internacional - IDEASforEARS<\/title>\n<meta name=\"description\" content=\"One idea can change lives and give you the chance to win a trip of a lifetime\" \/>\n<meta name=\"robots\" content=\"index, follow, max-snippet:-1, max-image-preview:large, max-video-preview:-1\" \/>\n<link rel=\"canonical\" href=\"https:\/\/ideasforears.medel.com\/es\/terminos-y-condiciones-t-y-c-internacional\/\" \/>\n<meta property=\"og:locale\" content=\"es_ES\" \/>\n<meta property=\"og:type\" content=\"article\" \/>\n<meta property=\"og:title\" content=\"T\u00e9rminos y condiciones (T y C) Internacional - IDEASforEARS\" \/>\n<meta property=\"og:description\" content=\"One idea can change lives and give you the chance to win a trip of a lifetime\" \/>\n<meta property=\"og:url\" content=\"https:\/\/ideasforears.medel.com\/es\/terminos-y-condiciones-t-y-c-internacional\/\" \/>\n<meta property=\"og:site_name\" content=\"IDEASforEARS\" \/>\n<meta property=\"article:publisher\" content=\"https:\/\/www.facebook.com\/IDEASforEARScontest\/\" \/>\n<meta property=\"article:modified_time\" content=\"2025-10-13T14:32:45+00:00\" \/>\n<meta name=\"twitter:card\" content=\"summary_large_image\" \/>\n<meta name=\"twitter:label1\" content=\"Est. reading time\" \/>\n\t<meta name=\"twitter:data1\" content=\"4 minutes\" \/>\n<script type=\"application\/ld+json\" class=\"yoast-schema-graph\">{\"@context\":\"https:\/\/schema.org\",\"@graph\":[{\"@type\":\"WebPage\",\"@id\":\"https:\/\/ideasforears.medel.com\/es\/terminos-y-condiciones-t-y-c-internacional\/\",\"url\":\"https:\/\/ideasforears.medel.com\/es\/terminos-y-condiciones-t-y-c-internacional\/\",\"name\":\"T\u00e9rminos y condiciones (T y C) Internacional - IDEASforEARS\",\"isPartOf\":{\"@id\":\"https:\/\/ideasforears.medel.com\/es\/#website\"},\"primaryImageOfPage\":{\"@id\":\"https:\/\/ideasforears.medel.com\/es\/terminos-y-condiciones-t-y-c-internacional\/#primaryimage\"},\"image\":{\"@id\":\"https:\/\/ideasforears.medel.com\/es\/terminos-y-condiciones-t-y-c-internacional\/#primaryimage\"},\"thumbnailUrl\":\"https:\/\/ideasforears.medel.com\/wp-content\/uploads\/2023\/10\/logo_ideas_for_ears.svg\",\"datePublished\":\"2023-11-08T02:14:36+00:00\",\"dateModified\":\"2025-10-13T14:32:45+00:00\",\"description\":\"One idea can change lives and give you the chance to win a trip of a lifetime\",\"breadcrumb\":{\"@id\":\"https:\/\/ideasforears.medel.com\/es\/terminos-y-condiciones-t-y-c-internacional\/#breadcrumb\"},\"inLanguage\":\"es\",\"potentialAction\":[{\"@type\":\"ReadAction\",\"target\":[\"https:\/\/ideasforears.medel.com\/es\/terminos-y-condiciones-t-y-c-internacional\/\"]}]},{\"@type\":\"ImageObject\",\"inLanguage\":\"es\",\"@id\":\"https:\/\/ideasforears.medel.com\/es\/terminos-y-condiciones-t-y-c-internacional\/#primaryimage\",\"url\":\"https:\/\/ideasforears.medel.com\/wp-content\/uploads\/2023\/10\/logo_ideas_for_ears.svg\",\"contentUrl\":\"https:\/\/ideasforears.medel.com\/wp-content\/uploads\/2023\/10\/logo_ideas_for_ears.svg\"},{\"@type\":\"BreadcrumbList\",\"@id\":\"https:\/\/ideasforears.medel.com\/es\/terminos-y-condiciones-t-y-c-internacional\/#breadcrumb\",\"itemListElement\":[{\"@type\":\"ListItem\",\"position\":1,\"name\":\"Home\",\"item\":\"https:\/\/ideasforears.medel.com\/es\/\"},{\"@type\":\"ListItem\",\"position\":2,\"name\":\"T\u00e9rminos y condiciones (T y C) Internacional\"}]},{\"@type\":\"WebSite\",\"@id\":\"https:\/\/ideasforears.medel.com\/es\/#website\",\"url\":\"https:\/\/ideasforears.medel.com\/es\/\",\"name\":\"IDEASforEARS\",\"description\":\"\",\"publisher\":{\"@id\":\"https:\/\/ideasforears.medel.com\/es\/#organization\"},\"potentialAction\":[{\"@type\":\"SearchAction\",\"target\":{\"@type\":\"EntryPoint\",\"urlTemplate\":\"https:\/\/ideasforears.medel.com\/es\/?s={search_term_string}\"},\"query-input\":{\"@type\":\"PropertyValueSpecification\",\"valueRequired\":true,\"valueName\":\"search_term_string\"}}],\"inLanguage\":\"es\"},{\"@type\":\"Organization\",\"@id\":\"https:\/\/ideasforears.medel.com\/es\/#organization\",\"name\":\"IDEASforEARS\",\"url\":\"https:\/\/ideasforears.medel.com\/es\/\",\"logo\":{\"@type\":\"ImageObject\",\"inLanguage\":\"es\",\"@id\":\"https:\/\/ideasforears.medel.com\/es\/#\/schema\/logo\/image\/\",\"url\":\"https:\/\/ideasforears.medel.com\/wp-content\/uploads\/2023\/10\/logo_ideas_for_ears.svg\",\"contentUrl\":\"https:\/\/ideasforears.medel.com\/wp-content\/uploads\/2023\/10\/logo_ideas_for_ears.svg\",\"width\":97,\"height\":70,\"caption\":\"IDEASforEARS\"},\"image\":{\"@id\":\"https:\/\/ideasforears.medel.com\/es\/#\/schema\/logo\/image\/\"},\"sameAs\":[\"https:\/\/www.facebook.com\/IDEASforEARScontest\/\"]}]}<\/script>\n<!-- \/ Yoast SEO plugin. -->","yoast_head_json":{"title":"T\u00e9rminos y condiciones (T y C) Internacional - IDEASforEARS","description":"One idea can change lives and give you the chance to win a trip of a lifetime","robots":{"index":"index","follow":"follow","max-snippet":"max-snippet:-1","max-image-preview":"max-image-preview:large","max-video-preview":"max-video-preview:-1"},"canonical":"https:\/\/ideasforears.medel.com\/es\/terminos-y-condiciones-t-y-c-internacional\/","og_locale":"es_ES","og_type":"article","og_title":"T\u00e9rminos y condiciones (T y C) Internacional - IDEASforEARS","og_description":"One idea can change lives and give you the chance to win a trip of a lifetime","og_url":"https:\/\/ideasforears.medel.com\/es\/terminos-y-condiciones-t-y-c-internacional\/","og_site_name":"IDEASforEARS","article_publisher":"https:\/\/www.facebook.com\/IDEASforEARScontest\/","article_modified_time":"2025-10-13T14:32:45+00:00","twitter_card":"summary_large_image","twitter_misc":{"Est. reading time":"4 minutes"},"schema":{"@context":"https:\/\/schema.org","@graph":[{"@type":"WebPage","@id":"https:\/\/ideasforears.medel.com\/es\/terminos-y-condiciones-t-y-c-internacional\/","url":"https:\/\/ideasforears.medel.com\/es\/terminos-y-condiciones-t-y-c-internacional\/","name":"T\u00e9rminos y condiciones (T y C) Internacional - IDEASforEARS","isPartOf":{"@id":"https:\/\/ideasforears.medel.com\/es\/#website"},"primaryImageOfPage":{"@id":"https:\/\/ideasforears.medel.com\/es\/terminos-y-condiciones-t-y-c-internacional\/#primaryimage"},"image":{"@id":"https:\/\/ideasforears.medel.com\/es\/terminos-y-condiciones-t-y-c-internacional\/#primaryimage"},"thumbnailUrl":"https:\/\/ideasforears.medel.com\/wp-content\/uploads\/2023\/10\/logo_ideas_for_ears.svg","datePublished":"2023-11-08T02:14:36+00:00","dateModified":"2025-10-13T14:32:45+00:00","description":"One idea can change lives and give you the chance to win a trip of a lifetime","breadcrumb":{"@id":"https:\/\/ideasforears.medel.com\/es\/terminos-y-condiciones-t-y-c-internacional\/#breadcrumb"},"inLanguage":"es","potentialAction":[{"@type":"ReadAction","target":["https:\/\/ideasforears.medel.com\/es\/terminos-y-condiciones-t-y-c-internacional\/"]}]},{"@type":"ImageObject","inLanguage":"es","@id":"https:\/\/ideasforears.medel.com\/es\/terminos-y-condiciones-t-y-c-internacional\/#primaryimage","url":"https:\/\/ideasforears.medel.com\/wp-content\/uploads\/2023\/10\/logo_ideas_for_ears.svg","contentUrl":"https:\/\/ideasforears.medel.com\/wp-content\/uploads\/2023\/10\/logo_ideas_for_ears.svg"},{"@type":"BreadcrumbList","@id":"https:\/\/ideasforears.medel.com\/es\/terminos-y-condiciones-t-y-c-internacional\/#breadcrumb","itemListElement":[{"@type":"ListItem","position":1,"name":"Home","item":"https:\/\/ideasforears.medel.com\/es\/"},{"@type":"ListItem","position":2,"name":"T\u00e9rminos y condiciones (T y C) Internacional"}]},{"@type":"WebSite","@id":"https:\/\/ideasforears.medel.com\/es\/#website","url":"https:\/\/ideasforears.medel.com\/es\/","name":"IDEASforEARS","description":"","publisher":{"@id":"https:\/\/ideasforears.medel.com\/es\/#organization"},"potentialAction":[{"@type":"SearchAction","target":{"@type":"EntryPoint","urlTemplate":"https:\/\/ideasforears.medel.com\/es\/?s={search_term_string}"},"query-input":{"@type":"PropertyValueSpecification","valueRequired":true,"valueName":"search_term_string"}}],"inLanguage":"es"},{"@type":"Organization","@id":"https:\/\/ideasforears.medel.com\/es\/#organization","name":"IDEASforEARS","url":"https:\/\/ideasforears.medel.com\/es\/","logo":{"@type":"ImageObject","inLanguage":"es","@id":"https:\/\/ideasforears.medel.com\/es\/#\/schema\/logo\/image\/","url":"https:\/\/ideasforears.medel.com\/wp-content\/uploads\/2023\/10\/logo_ideas_for_ears.svg","contentUrl":"https:\/\/ideasforears.medel.com\/wp-content\/uploads\/2023\/10\/logo_ideas_for_ears.svg","width":97,"height":70,"caption":"IDEASforEARS"},"image":{"@id":"https:\/\/ideasforears.medel.com\/es\/#\/schema\/logo\/image\/"},"sameAs":["https:\/\/www.facebook.com\/IDEASforEARScontest\/"]}]}},"_links":{"self":[{"href":"https:\/\/ideasforears.medel.com\/es\/wp-json\/wp\/v2\/pages\/1410","targetHints":{"allow":["GET"]}}],"collection":[{"href":"https:\/\/ideasforears.medel.com\/es\/wp-json\/wp\/v2\/pages"}],"about":[{"href":"https:\/\/ideasforears.medel.com\/es\/wp-json\/wp\/v2\/types\/page"}],"author":[{"embeddable":true,"href":"https:\/\/ideasforears.medel.com\/es\/wp-json\/wp\/v2\/users\/1"}],"replies":[{"embeddable":true,"href":"https:\/\/ideasforears.medel.com\/es\/wp-json\/wp\/v2\/comments?post=1410"}],"version-history":[{"count":3,"href":"https:\/\/ideasforears.medel.com\/es\/wp-json\/wp\/v2\/pages\/1410\/revisions"}],"predecessor-version":[{"id":26481,"href":"https:\/\/ideasforears.medel.com\/es\/wp-json\/wp\/v2\/pages\/1410\/revisions\/26481"}],"wp:featuredmedia":[{"embeddable":true,"href":"https:\/\/ideasforears.medel.com\/es\/wp-json\/wp\/v2\/media\/157"}],"wp:attachment":[{"href":"https:\/\/ideasforears.medel.com\/es\/wp-json\/wp\/v2\/media?parent=1410"}],"curies":[{"name":"wp","href":"https:\/\/api.w.org\/{rel}","templated":true}]}}