{"id":1712,"date":"2023-11-23T03:55:36","date_gmt":"2023-11-23T03:55:36","guid":{"rendered":"https:\/\/ideasforears.medel.com\/?page_id=1712"},"modified":"2025-11-03T18:04:24","modified_gmt":"2025-11-03T18:04:24","slug":"gracias","status":"publish","type":"page","link":"https:\/\/ideasforears.medel.com\/es\/gracias\/","title":{"rendered":"Gracias"},"content":{"rendered":"\n<div class=\"col-12 text-center color-white text-white\">\n    <h2 class=\"w-900\">Gracias por compartir tu idea.<\/h2>\n    <p>Tu idea ha sido enviada con \u00e9xito. Por favor, espera la selecci\u00f3n de los jueces. Los j\u00f3venes ganadores se anunciar\u00e1n el 12 de febrero de 2026.<\/p>\n    <div class=\"separator mb-5 background-white\"><\/div>\n<\/div>\n<a class=\"prev-step\" href=\"https:\/\/ideasforears.medel.com\/es\">Volver a la p\u00e1gina de inicio<\/a>\n","protected":false},"excerpt":{"rendered":"<p>Gracias por compartir tu idea. Tu idea ha sido enviada con \u00e9xito. Por favor, espera la selecci\u00f3n de los jueces. Los j\u00f3venes ganadores se anunciar\u00e1n el 12 de febrero de 2026. Volver a la p\u00e1gina de inicio<\/p>\n","protected":false},"author":1,"featured_media":157,"parent":0,"menu_order":0,"comment_status":"closed","ping_status":"closed","template":"template-thankyou.php","meta":{"footnotes":""},"class_list":["post-1712","page","type-page","status-publish","has-post-thumbnail","hentry"],"acf":[],"yoast_head":"<!-- This site is optimized with the Yoast SEO plugin v25.5 - https:\/\/yoast.com\/wordpress\/plugins\/seo\/ -->\n<title>Gracias - IDEASforEARS<\/title>\n<meta name=\"description\" content=\"One idea can change lives and give you the chance to win a trip of a lifetime\" \/>\n<meta name=\"robots\" content=\"index, follow, max-snippet:-1, max-image-preview:large, max-video-preview:-1\" \/>\n<link rel=\"canonical\" href=\"https:\/\/ideasforears.medel.com\/es\/gracias\/\" \/>\n<meta property=\"og:locale\" content=\"es_ES\" \/>\n<meta property=\"og:type\" content=\"article\" \/>\n<meta property=\"og:title\" content=\"Gracias - IDEASforEARS\" \/>\n<meta property=\"og:description\" content=\"One idea can change lives and give you the chance to win a trip of a lifetime\" \/>\n<meta property=\"og:url\" content=\"https:\/\/ideasforears.medel.com\/es\/gracias\/\" \/>\n<meta property=\"og:site_name\" content=\"IDEASforEARS\" \/>\n<meta property=\"article:publisher\" content=\"https:\/\/www.facebook.com\/IDEASforEARScontest\/\" \/>\n<meta property=\"article:modified_time\" content=\"2025-11-03T18:04:24+00:00\" \/>\n<meta name=\"twitter:card\" content=\"summary_large_image\" \/>\n<meta name=\"twitter:label1\" content=\"Est. reading time\" \/>\n\t<meta name=\"twitter:data1\" content=\"1 minute\" \/>\n<script type=\"application\/ld+json\" class=\"yoast-schema-graph\">{\"@context\":\"https:\/\/schema.org\",\"@graph\":[{\"@type\":\"WebPage\",\"@id\":\"https:\/\/ideasforears.medel.com\/es\/gracias\/\",\"url\":\"https:\/\/ideasforears.medel.com\/es\/gracias\/\",\"name\":\"Gracias - IDEASforEARS\",\"isPartOf\":{\"@id\":\"https:\/\/ideasforears.medel.com\/es\/#website\"},\"primaryImageOfPage\":{\"@id\":\"https:\/\/ideasforears.medel.com\/es\/gracias\/#primaryimage\"},\"image\":{\"@id\":\"https:\/\/ideasforears.medel.com\/es\/gracias\/#primaryimage\"},\"thumbnailUrl\":\"https:\/\/ideasforears.medel.com\/wp-content\/uploads\/2023\/10\/logo_ideas_for_ears.svg\",\"datePublished\":\"2023-11-23T03:55:36+00:00\",\"dateModified\":\"2025-11-03T18:04:24+00:00\",\"description\":\"One idea can change lives and give you the chance to win a trip of a lifetime\",\"breadcrumb\":{\"@id\":\"https:\/\/ideasforears.medel.com\/es\/gracias\/#breadcrumb\"},\"inLanguage\":\"es\",\"potentialAction\":[{\"@type\":\"ReadAction\",\"target\":[\"https:\/\/ideasforears.medel.com\/es\/gracias\/\"]}]},{\"@type\":\"ImageObject\",\"inLanguage\":\"es\",\"@id\":\"https:\/\/ideasforears.medel.com\/es\/gracias\/#primaryimage\",\"url\":\"https:\/\/ideasforears.medel.com\/wp-content\/uploads\/2023\/10\/logo_ideas_for_ears.svg\",\"contentUrl\":\"https:\/\/ideasforears.medel.com\/wp-content\/uploads\/2023\/10\/logo_ideas_for_ears.svg\"},{\"@type\":\"BreadcrumbList\",\"@id\":\"https:\/\/ideasforears.medel.com\/es\/gracias\/#breadcrumb\",\"itemListElement\":[{\"@type\":\"ListItem\",\"position\":1,\"name\":\"Home\",\"item\":\"https:\/\/ideasforears.medel.com\/es\/\"},{\"@type\":\"ListItem\",\"position\":2,\"name\":\"Gracias\"}]},{\"@type\":\"WebSite\",\"@id\":\"https:\/\/ideasforears.medel.com\/es\/#website\",\"url\":\"https:\/\/ideasforears.medel.com\/es\/\",\"name\":\"IDEASforEARS\",\"description\":\"\",\"publisher\":{\"@id\":\"https:\/\/ideasforears.medel.com\/es\/#organization\"},\"potentialAction\":[{\"@type\":\"SearchAction\",\"target\":{\"@type\":\"EntryPoint\",\"urlTemplate\":\"https:\/\/ideasforears.medel.com\/es\/?s={search_term_string}\"},\"query-input\":{\"@type\":\"PropertyValueSpecification\",\"valueRequired\":true,\"valueName\":\"search_term_string\"}}],\"inLanguage\":\"es\"},{\"@type\":\"Organization\",\"@id\":\"https:\/\/ideasforears.medel.com\/es\/#organization\",\"name\":\"IDEASforEARS\",\"url\":\"https:\/\/ideasforears.medel.com\/es\/\",\"logo\":{\"@type\":\"ImageObject\",\"inLanguage\":\"es\",\"@id\":\"https:\/\/ideasforears.medel.com\/es\/#\/schema\/logo\/image\/\",\"url\":\"https:\/\/ideasforears.medel.com\/wp-content\/uploads\/2023\/10\/logo_ideas_for_ears.svg\",\"contentUrl\":\"https:\/\/ideasforears.medel.com\/wp-content\/uploads\/2023\/10\/logo_ideas_for_ears.svg\",\"width\":97,\"height\":70,\"caption\":\"IDEASforEARS\"},\"image\":{\"@id\":\"https:\/\/ideasforears.medel.com\/es\/#\/schema\/logo\/image\/\"},\"sameAs\":[\"https:\/\/www.facebook.com\/IDEASforEARScontest\/\"]}]}<\/script>\n<!-- \/ Yoast SEO plugin. -->","yoast_head_json":{"title":"Gracias - IDEASforEARS","description":"One idea can change lives and give you the chance to win a trip of a lifetime","robots":{"index":"index","follow":"follow","max-snippet":"max-snippet:-1","max-image-preview":"max-image-preview:large","max-video-preview":"max-video-preview:-1"},"canonical":"https:\/\/ideasforears.medel.com\/es\/gracias\/","og_locale":"es_ES","og_type":"article","og_title":"Gracias - IDEASforEARS","og_description":"One idea can change lives and give you the chance to win a trip of a lifetime","og_url":"https:\/\/ideasforears.medel.com\/es\/gracias\/","og_site_name":"IDEASforEARS","article_publisher":"https:\/\/www.facebook.com\/IDEASforEARScontest\/","article_modified_time":"2025-11-03T18:04:24+00:00","twitter_card":"summary_large_image","twitter_misc":{"Est. reading time":"1 minute"},"schema":{"@context":"https:\/\/schema.org","@graph":[{"@type":"WebPage","@id":"https:\/\/ideasforears.medel.com\/es\/gracias\/","url":"https:\/\/ideasforears.medel.com\/es\/gracias\/","name":"Gracias - IDEASforEARS","isPartOf":{"@id":"https:\/\/ideasforears.medel.com\/es\/#website"},"primaryImageOfPage":{"@id":"https:\/\/ideasforears.medel.com\/es\/gracias\/#primaryimage"},"image":{"@id":"https:\/\/ideasforears.medel.com\/es\/gracias\/#primaryimage"},"thumbnailUrl":"https:\/\/ideasforears.medel.com\/wp-content\/uploads\/2023\/10\/logo_ideas_for_ears.svg","datePublished":"2023-11-23T03:55:36+00:00","dateModified":"2025-11-03T18:04:24+00:00","description":"One idea can change lives and give you the chance to win a trip of a lifetime","breadcrumb":{"@id":"https:\/\/ideasforears.medel.com\/es\/gracias\/#breadcrumb"},"inLanguage":"es","potentialAction":[{"@type":"ReadAction","target":["https:\/\/ideasforears.medel.com\/es\/gracias\/"]}]},{"@type":"ImageObject","inLanguage":"es","@id":"https:\/\/ideasforears.medel.com\/es\/gracias\/#primaryimage","url":"https:\/\/ideasforears.medel.com\/wp-content\/uploads\/2023\/10\/logo_ideas_for_ears.svg","contentUrl":"https:\/\/ideasforears.medel.com\/wp-content\/uploads\/2023\/10\/logo_ideas_for_ears.svg"},{"@type":"BreadcrumbList","@id":"https:\/\/ideasforears.medel.com\/es\/gracias\/#breadcrumb","itemListElement":[{"@type":"ListItem","position":1,"name":"Home","item":"https:\/\/ideasforears.medel.com\/es\/"},{"@type":"ListItem","position":2,"name":"Gracias"}]},{"@type":"WebSite","@id":"https:\/\/ideasforears.medel.com\/es\/#website","url":"https:\/\/ideasforears.medel.com\/es\/","name":"IDEASforEARS","description":"","publisher":{"@id":"https:\/\/ideasforears.medel.com\/es\/#organization"},"potentialAction":[{"@type":"SearchAction","target":{"@type":"EntryPoint","urlTemplate":"https:\/\/ideasforears.medel.com\/es\/?s={search_term_string}"},"query-input":{"@type":"PropertyValueSpecification","valueRequired":true,"valueName":"search_term_string"}}],"inLanguage":"es"},{"@type":"Organization","@id":"https:\/\/ideasforears.medel.com\/es\/#organization","name":"IDEASforEARS","url":"https:\/\/ideasforears.medel.com\/es\/","logo":{"@type":"ImageObject","inLanguage":"es","@id":"https:\/\/ideasforears.medel.com\/es\/#\/schema\/logo\/image\/","url":"https:\/\/ideasforears.medel.com\/wp-content\/uploads\/2023\/10\/logo_ideas_for_ears.svg","contentUrl":"https:\/\/ideasforears.medel.com\/wp-content\/uploads\/2023\/10\/logo_ideas_for_ears.svg","width":97,"height":70,"caption":"IDEASforEARS"},"image":{"@id":"https:\/\/ideasforears.medel.com\/es\/#\/schema\/logo\/image\/"},"sameAs":["https:\/\/www.facebook.com\/IDEASforEARScontest\/"]}]}},"_links":{"self":[{"href":"https:\/\/ideasforears.medel.com\/es\/wp-json\/wp\/v2\/pages\/1712","targetHints":{"allow":["GET"]}}],"collection":[{"href":"https:\/\/ideasforears.medel.com\/es\/wp-json\/wp\/v2\/pages"}],"about":[{"href":"https:\/\/ideasforears.medel.com\/es\/wp-json\/wp\/v2\/types\/page"}],"author":[{"embeddable":true,"href":"https:\/\/ideasforears.medel.com\/es\/wp-json\/wp\/v2\/users\/1"}],"replies":[{"embeddable":true,"href":"https:\/\/ideasforears.medel.com\/es\/wp-json\/wp\/v2\/comments?post=1712"}],"version-history":[{"count":3,"href":"https:\/\/ideasforears.medel.com\/es\/wp-json\/wp\/v2\/pages\/1712\/revisions"}],"predecessor-version":[{"id":26535,"href":"https:\/\/ideasforears.medel.com\/es\/wp-json\/wp\/v2\/pages\/1712\/revisions\/26535"}],"wp:featuredmedia":[{"embeddable":true,"href":"https:\/\/ideasforears.medel.com\/es\/wp-json\/wp\/v2\/media\/157"}],"wp:attachment":[{"href":"https:\/\/ideasforears.medel.com\/es\/wp-json\/wp\/v2\/media?parent=1712"}],"curies":[{"name":"wp","href":"https:\/\/api.w.org\/{rel}","templated":true}]}}