{"id":1406,"date":"2023-11-08T02:14:36","date_gmt":"2023-11-08T02:14:36","guid":{"rendered":"https:\/\/ideasforears.medel.com\/?page_id=1406"},"modified":"2025-10-13T14:36:00","modified_gmt":"2025-10-13T14:36:00","slug":"termini-e-condizioni-tc-internazionali","status":"publish","type":"page","link":"https:\/\/ideasforears.medel.com\/it\/termini-e-condizioni-tc-internazionali\/","title":{"rendered":"Termini e condizioni (T&amp;C) internazionali"},"content":{"rendered":"\n<p><strong>Concorso di invenzioni per bambini IDEASforEARS<\/strong><\/p>\n\n\n\n<p>Le informazioni sulle modalit\u00e0 di partecipazione e tutti i dettagli del concorso saranno forniti nel modulo di iscrizione al concorso. In caso di incongruenza, prevalgono i termini di seguito riportati. Iscrivendosi al concorso, i partecipanti accettano questi termini.<\/p>\n\n\n\n<p>La partecipazione \u00e8 aperta ai bambini di et\u00e0 compresa tra i 6 e i 12 anni (durante il periodo del concorso).<\/p>\n\n\n\n<p>I figli dei dipendenti (e dei loro familiari stretti) di MED-EL e delle agenzie associate a questo concorso non possono partecipare. Per familiari stretti si intende uno dei seguenti: figlio o figliastro, nipote, fratellastro, sorellastra o cugino di primo grado.<\/p>\n\n\n\n<p>I bambini che desiderano partecipare devono ottenere il consenso dei genitori prima dell&#8217;iscrizione. Il consenso sar\u00e0 selezionato tramite il modulo di iscrizione.<\/p>\n\n\n\n<p>Le iscrizioni devono essere inviate tra il 09 novembre 2025 e il 17 gennaio 2026. Le iscrizioni si chiudono alla mezzanotte del 17 gennaio 2026. I partecipanti possono partecipare una sola volta.<\/p>\n\n\n\n<p>MED-EL, a sua esclusiva discrezione, selezioner\u00e0 i finalisti in base alla dimostrazione di originalit\u00e0, creativit\u00e0, praticit\u00e0, immaginazione, innovazione e adeguatezza del marchio. I criteri di giudizio si basano su un&#8217;invenzione originale in grado di migliorare la qualit\u00e0 della vita delle persone affette da ipoacusia.<\/p>\n\n\n\n<p>I vincitori si aggiudicheranno un viaggio a Innsbruck. Il viaggio si svolger\u00e0 il 2 e 3 giugno 2026 e comprende due pernottamenti con colazione in una camera standard presso un hotel a Innsbruck, per un bambino e un accompagnatore adulto. Sono inclusi il viaggio di andata e ritorno in classe economy, in treno o in aereo (dagli aeroporti di Monaco, Vienna o Innsbruck), il servizio navetta da e per l\u2019aeroporto, eventuali costi per il visto e la Innsbruck Welcome Card. La data del viaggio dei vincitori sar\u00e0 stabilita da MED-EL e non \u00e8 negoziabile. I premi non possono essere trasferiti, ritirati in un altro anno o scambiati per denaro, credito o servizi.<\/p>\n\n\n\n<p>I vincitori saranno annunciati a partire da 12 febbraio 2026 tramite un comunicato stampa globale. I vincitori saranno avvisati in anticipo per telefono e\/o via e-mail. Se un vincitore non risponde entro 72 ore dalla notifica, MED-EL si riserva il diritto di determinare un nuovo vincitore. La decisione di MED-EL \u00e8 definitiva e non sar\u00e0 avviata alcuna corrispondenza.<\/p>\n\n\n\n<p>I contributi e le idee presentati al concorso, siano essi vincenti o meno, diventano di propriet\u00e0 esclusiva di MED-EL e non saranno riconosciuti n\u00e9 restituiti. Possono essere utilizzati anche per il marketing e la pubblicit\u00e0 di MED-EL.<\/p>\n\n\n\n<p>Le fotografie dei finalisti e del loro lavoro possono essere pubblicate sui canali di propriet\u00e0 di MED-EL o utilizzate in futuro per scopi promozionali, di marketing o pubblicitari, in qualsiasi mezzo di comunicazione, senza alcun compenso, restrizione d&#8217;uso, attribuzione o responsabilit\u00e0.<\/p>\n\n\n\n<p>I partecipanti accettano che i lavori presentati sono originali e creati personalmente da loro.<\/p>\n\n\n\n<p>I vincitori saranno invitati a partecipare a eventi pubblicitari e promozioni con i media sia online che offline. Coloro che si iscrivono accettano di essere disposti a partecipare a tali attivit\u00e0 se vengono scelti come vincitori del concorso.<\/p>\n\n\n\n<p>Ciascun partecipante accetta che il proprio contributo, nella sua interezza o in qualsiasi sua parte, (compresi nome, citt\u00e0\/paese partecipante e foto) possa essere pubblicato da MED-EL (su carta stampata e\/o online, sui social media) e utilizzato per altri scopi e attivit\u00e0 pubblicitarie. Nota bene: questo NON include gli indirizzi e-mail o di residenza dei partecipanti.<\/p>\n\n\n\n<p>Partecipando al concorso i partecipanti accettano di essere vincolati da questi termini e condizioni e che la decisione di MED-EL \u00e8 definitiva e vincolante in tutte le questioni relative a questo concorso.<\/p>\n\n\n\n<p>Tutti i contributi si considerano ricevuti al momento della ricezione da parte di MED-EL e NON al momento della trasmissione da parte del partecipante. I registri di MED-EL sono inoppugnabili per quanto riguarda il momento della ricezione. Le iscrizioni tardive, smarrite, rubate, mal indirizzate, illegali, incomplete, illeggibili, danneggiate, riprodotte o alterate non sono valide. MED-EL non \u00e8 responsabile di tali invii n\u00e9 di eventuali errori, malfunzionamenti tecnici, perdite, omissioni, ritardi o guasti nelle comunicazioni.<\/p>\n\n\n\n<p>MED-EL si riserva il diritto di variare questi termini o di modificare, sospendere, terminare o annullare il concorso in qualsiasi momento senza preavviso.<\/p>\n\n\n\n<p>MED-EL non si assume alcuna responsabilit\u00e0 per eventuali perdite, danni, lesioni o delusioni subite da qualsiasi partecipante (incluso qualsiasi ospite) derivanti dall&#8217;iscrizione al concorso e\/o dall&#8217;accettazione e\/o dalla partecipazione a qualsiasi premio.<\/p>\n\n\n\n<p><\/p>\n","protected":false},"excerpt":{"rendered":"<p>Concorso di invenzioni per bambini IDEASforEARS Le informazioni sulle modalit\u00e0 di partecipazione e tutti i dettagli del concorso saranno forniti nel modulo di iscrizione al concorso. In caso di incongruenza, prevalgono i termini di seguito riportati. Iscrivendosi al concorso, i partecipanti accettano questi termini. La partecipazione \u00e8 aperta ai bambini di et\u00e0 compresa tra i [&hellip;]<\/p>\n","protected":false},"author":1,"featured_media":1695,"parent":0,"menu_order":0,"comment_status":"closed","ping_status":"closed","template":"","meta":{"footnotes":""},"class_list":["post-1406","page","type-page","status-publish","has-post-thumbnail","hentry"],"acf":[],"yoast_head":"<!-- This site is optimized with the Yoast SEO plugin v25.5 - https:\/\/yoast.com\/wordpress\/plugins\/seo\/ -->\n<title>Termini e condizioni (T&amp;C) internazionali - IDEASforEARS<\/title>\n<meta name=\"description\" content=\"One idea can change lives and give you the chance to win a trip of a lifetime\" \/>\n<meta name=\"robots\" content=\"index, follow, max-snippet:-1, max-image-preview:large, max-video-preview:-1\" \/>\n<link rel=\"canonical\" href=\"https:\/\/ideasforears.medel.com\/it\/termini-e-condizioni-tc-internazionali\/\" \/>\n<meta property=\"og:locale\" content=\"it_IT\" \/>\n<meta property=\"og:type\" content=\"article\" \/>\n<meta property=\"og:title\" content=\"Termini e condizioni (T&amp;C) internazionali - IDEASforEARS\" \/>\n<meta property=\"og:description\" content=\"One idea can change lives and give you the chance to win a trip of a lifetime\" \/>\n<meta property=\"og:url\" content=\"https:\/\/ideasforears.medel.com\/it\/termini-e-condizioni-tc-internazionali\/\" \/>\n<meta property=\"og:site_name\" content=\"IDEASforEARS\" \/>\n<meta property=\"article:publisher\" content=\"https:\/\/www.facebook.com\/IDEASforEARScontest\/\" \/>\n<meta property=\"article:modified_time\" content=\"2025-10-13T14:36:00+00:00\" \/>\n<meta name=\"twitter:card\" content=\"summary_large_image\" \/>\n<meta name=\"twitter:label1\" content=\"Est. reading time\" \/>\n\t<meta name=\"twitter:data1\" content=\"4 minutes\" \/>\n<script type=\"application\/ld+json\" class=\"yoast-schema-graph\">{\"@context\":\"https:\/\/schema.org\",\"@graph\":[{\"@type\":\"WebPage\",\"@id\":\"https:\/\/ideasforears.medel.com\/it\/termini-e-condizioni-tc-internazionali\/\",\"url\":\"https:\/\/ideasforears.medel.com\/it\/termini-e-condizioni-tc-internazionali\/\",\"name\":\"Termini e condizioni (T&amp;C) internazionali - IDEASforEARS\",\"isPartOf\":{\"@id\":\"https:\/\/ideasforears.medel.com\/it\/#website\"},\"primaryImageOfPage\":{\"@id\":\"https:\/\/ideasforears.medel.com\/it\/termini-e-condizioni-tc-internazionali\/#primaryimage\"},\"image\":{\"@id\":\"https:\/\/ideasforears.medel.com\/it\/termini-e-condizioni-tc-internazionali\/#primaryimage\"},\"thumbnailUrl\":\"https:\/\/ideasforears.medel.com\/wp-content\/uploads\/2023\/10\/logo_ideas_for_ears.svg\",\"datePublished\":\"2023-11-08T02:14:36+00:00\",\"dateModified\":\"2025-10-13T14:36:00+00:00\",\"description\":\"One idea can change lives and give you the chance to win a trip of a lifetime\",\"breadcrumb\":{\"@id\":\"https:\/\/ideasforears.medel.com\/it\/termini-e-condizioni-tc-internazionali\/#breadcrumb\"},\"inLanguage\":\"it\",\"potentialAction\":[{\"@type\":\"ReadAction\",\"target\":[\"https:\/\/ideasforears.medel.com\/it\/termini-e-condizioni-tc-internazionali\/\"]}]},{\"@type\":\"ImageObject\",\"inLanguage\":\"it\",\"@id\":\"https:\/\/ideasforears.medel.com\/it\/termini-e-condizioni-tc-internazionali\/#primaryimage\",\"url\":\"https:\/\/ideasforears.medel.com\/wp-content\/uploads\/2023\/10\/logo_ideas_for_ears.svg\",\"contentUrl\":\"https:\/\/ideasforears.medel.com\/wp-content\/uploads\/2023\/10\/logo_ideas_for_ears.svg\",\"width\":97,\"height\":70},{\"@type\":\"BreadcrumbList\",\"@id\":\"https:\/\/ideasforears.medel.com\/it\/termini-e-condizioni-tc-internazionali\/#breadcrumb\",\"itemListElement\":[{\"@type\":\"ListItem\",\"position\":1,\"name\":\"Home\",\"item\":\"https:\/\/ideasforears.medel.com\/it\/\"},{\"@type\":\"ListItem\",\"position\":2,\"name\":\"Termini e condizioni (T&amp;C) internazionali\"}]},{\"@type\":\"WebSite\",\"@id\":\"https:\/\/ideasforears.medel.com\/it\/#website\",\"url\":\"https:\/\/ideasforears.medel.com\/it\/\",\"name\":\"IDEASforEARS\",\"description\":\"\",\"publisher\":{\"@id\":\"https:\/\/ideasforears.medel.com\/it\/#organization\"},\"potentialAction\":[{\"@type\":\"SearchAction\",\"target\":{\"@type\":\"EntryPoint\",\"urlTemplate\":\"https:\/\/ideasforears.medel.com\/it\/?s={search_term_string}\"},\"query-input\":{\"@type\":\"PropertyValueSpecification\",\"valueRequired\":true,\"valueName\":\"search_term_string\"}}],\"inLanguage\":\"it\"},{\"@type\":\"Organization\",\"@id\":\"https:\/\/ideasforears.medel.com\/it\/#organization\",\"name\":\"IDEASforEARS\",\"url\":\"https:\/\/ideasforears.medel.com\/it\/\",\"logo\":{\"@type\":\"ImageObject\",\"inLanguage\":\"it\",\"@id\":\"https:\/\/ideasforears.medel.com\/it\/#\/schema\/logo\/image\/\",\"url\":\"https:\/\/ideasforears.medel.com\/wp-content\/uploads\/2023\/10\/logo_ideas_for_ears.svg\",\"contentUrl\":\"https:\/\/ideasforears.medel.com\/wp-content\/uploads\/2023\/10\/logo_ideas_for_ears.svg\",\"width\":97,\"height\":70,\"caption\":\"IDEASforEARS\"},\"image\":{\"@id\":\"https:\/\/ideasforears.medel.com\/it\/#\/schema\/logo\/image\/\"},\"sameAs\":[\"https:\/\/www.facebook.com\/IDEASforEARScontest\/\"]}]}<\/script>\n<!-- \/ Yoast SEO plugin. -->","yoast_head_json":{"title":"Termini e condizioni (T&amp;C) internazionali - IDEASforEARS","description":"One idea can change lives and give you the chance to win a trip of a lifetime","robots":{"index":"index","follow":"follow","max-snippet":"max-snippet:-1","max-image-preview":"max-image-preview:large","max-video-preview":"max-video-preview:-1"},"canonical":"https:\/\/ideasforears.medel.com\/it\/termini-e-condizioni-tc-internazionali\/","og_locale":"it_IT","og_type":"article","og_title":"Termini e condizioni (T&amp;C) internazionali - IDEASforEARS","og_description":"One idea can change lives and give you the chance to win a trip of a lifetime","og_url":"https:\/\/ideasforears.medel.com\/it\/termini-e-condizioni-tc-internazionali\/","og_site_name":"IDEASforEARS","article_publisher":"https:\/\/www.facebook.com\/IDEASforEARScontest\/","article_modified_time":"2025-10-13T14:36:00+00:00","twitter_card":"summary_large_image","twitter_misc":{"Est. reading time":"4 minutes"},"schema":{"@context":"https:\/\/schema.org","@graph":[{"@type":"WebPage","@id":"https:\/\/ideasforears.medel.com\/it\/termini-e-condizioni-tc-internazionali\/","url":"https:\/\/ideasforears.medel.com\/it\/termini-e-condizioni-tc-internazionali\/","name":"Termini e condizioni (T&amp;C) internazionali - IDEASforEARS","isPartOf":{"@id":"https:\/\/ideasforears.medel.com\/it\/#website"},"primaryImageOfPage":{"@id":"https:\/\/ideasforears.medel.com\/it\/termini-e-condizioni-tc-internazionali\/#primaryimage"},"image":{"@id":"https:\/\/ideasforears.medel.com\/it\/termini-e-condizioni-tc-internazionali\/#primaryimage"},"thumbnailUrl":"https:\/\/ideasforears.medel.com\/wp-content\/uploads\/2023\/10\/logo_ideas_for_ears.svg","datePublished":"2023-11-08T02:14:36+00:00","dateModified":"2025-10-13T14:36:00+00:00","description":"One idea can change lives and give you the chance to win a trip of a lifetime","breadcrumb":{"@id":"https:\/\/ideasforears.medel.com\/it\/termini-e-condizioni-tc-internazionali\/#breadcrumb"},"inLanguage":"it","potentialAction":[{"@type":"ReadAction","target":["https:\/\/ideasforears.medel.com\/it\/termini-e-condizioni-tc-internazionali\/"]}]},{"@type":"ImageObject","inLanguage":"it","@id":"https:\/\/ideasforears.medel.com\/it\/termini-e-condizioni-tc-internazionali\/#primaryimage","url":"https:\/\/ideasforears.medel.com\/wp-content\/uploads\/2023\/10\/logo_ideas_for_ears.svg","contentUrl":"https:\/\/ideasforears.medel.com\/wp-content\/uploads\/2023\/10\/logo_ideas_for_ears.svg","width":97,"height":70},{"@type":"BreadcrumbList","@id":"https:\/\/ideasforears.medel.com\/it\/termini-e-condizioni-tc-internazionali\/#breadcrumb","itemListElement":[{"@type":"ListItem","position":1,"name":"Home","item":"https:\/\/ideasforears.medel.com\/it\/"},{"@type":"ListItem","position":2,"name":"Termini e condizioni (T&amp;C) internazionali"}]},{"@type":"WebSite","@id":"https:\/\/ideasforears.medel.com\/it\/#website","url":"https:\/\/ideasforears.medel.com\/it\/","name":"IDEASforEARS","description":"","publisher":{"@id":"https:\/\/ideasforears.medel.com\/it\/#organization"},"potentialAction":[{"@type":"SearchAction","target":{"@type":"EntryPoint","urlTemplate":"https:\/\/ideasforears.medel.com\/it\/?s={search_term_string}"},"query-input":{"@type":"PropertyValueSpecification","valueRequired":true,"valueName":"search_term_string"}}],"inLanguage":"it"},{"@type":"Organization","@id":"https:\/\/ideasforears.medel.com\/it\/#organization","name":"IDEASforEARS","url":"https:\/\/ideasforears.medel.com\/it\/","logo":{"@type":"ImageObject","inLanguage":"it","@id":"https:\/\/ideasforears.medel.com\/it\/#\/schema\/logo\/image\/","url":"https:\/\/ideasforears.medel.com\/wp-content\/uploads\/2023\/10\/logo_ideas_for_ears.svg","contentUrl":"https:\/\/ideasforears.medel.com\/wp-content\/uploads\/2023\/10\/logo_ideas_for_ears.svg","width":97,"height":70,"caption":"IDEASforEARS"},"image":{"@id":"https:\/\/ideasforears.medel.com\/it\/#\/schema\/logo\/image\/"},"sameAs":["https:\/\/www.facebook.com\/IDEASforEARScontest\/"]}]}},"_links":{"self":[{"href":"https:\/\/ideasforears.medel.com\/it\/wp-json\/wp\/v2\/pages\/1406","targetHints":{"allow":["GET"]}}],"collection":[{"href":"https:\/\/ideasforears.medel.com\/it\/wp-json\/wp\/v2\/pages"}],"about":[{"href":"https:\/\/ideasforears.medel.com\/it\/wp-json\/wp\/v2\/types\/page"}],"author":[{"embeddable":true,"href":"https:\/\/ideasforears.medel.com\/it\/wp-json\/wp\/v2\/users\/1"}],"replies":[{"embeddable":true,"href":"https:\/\/ideasforears.medel.com\/it\/wp-json\/wp\/v2\/comments?post=1406"}],"version-history":[{"count":3,"href":"https:\/\/ideasforears.medel.com\/it\/wp-json\/wp\/v2\/pages\/1406\/revisions"}],"predecessor-version":[{"id":26483,"href":"https:\/\/ideasforears.medel.com\/it\/wp-json\/wp\/v2\/pages\/1406\/revisions\/26483"}],"wp:featuredmedia":[{"embeddable":true,"href":"https:\/\/ideasforears.medel.com\/it\/wp-json\/wp\/v2\/media\/1695"}],"wp:attachment":[{"href":"https:\/\/ideasforears.medel.com\/it\/wp-json\/wp\/v2\/media?parent=1406"}],"curies":[{"name":"wp","href":"https:\/\/api.w.org\/{rel}","templated":true}]}}