{"id":1408,"date":"2023-11-08T02:14:36","date_gmt":"2023-11-08T02:14:36","guid":{"rendered":"https:\/\/ideasforears.medel.com\/?page_id=1408"},"modified":"2023-11-08T02:27:57","modified_gmt":"2023-11-08T02:27:57","slug":"regulamin-konkursu-miedzynarodowego","status":"publish","type":"page","link":"https:\/\/ideasforears.medel.com\/pl\/regulamin-konkursu-miedzynarodowego\/","title":{"rendered":"Regulamin konkursu mi\u0119dzynarodowego"},"content":{"rendered":"\n<p><strong>Konkurs na wynalazek dla dzieci IDEASforEARS<\/strong><\/p>\n\n\n\n<p>Informacje o tym, jak wzi\u0105\u0107 udzia\u0142 w konkursie i wszystkie szczeg\u00f3\u0142y dotycz\u0105ce konkursu zostan\u0105 podane w formularzu zg\u0142oszeniowym do konkursu. W przypadku niesp\u00f3jno\u015bci pierwsze\u0144stwo maj\u0105 poni\u017csze warunki. Przyst\u0119puj\u0105c do konkursu, uczestnicy akceptuj\u0105 niniejsze warunki.<\/p>\n\n\n\n<p>W konkursie mog\u0105 wzi\u0105\u0107 udzia\u0142 dzieci w wieku od 6 do 12 lat (w okresie trwania konkursu).<\/p>\n\n\n\n<p>Dzieci pracownik\u00f3w (i cz\u0142onk\u00f3w ich najbli\u017cszej rodziny) MED-EL i agencji zwi\u0105zanych z tym konkursem nie kwalifikuj\u0105 si\u0119 do udzia\u0142u. Najbli\u017csza rodzina oznacza dowolne z poni\u017cszych: dziecko lub pasierb siostrzenica, siostrzeniec, brat przyrodni, siostra przyrodnia lub pierwszy kuzyn.<\/p>\n\n\n\n<p>Dzieci, kt\u00f3re chc\u0105 wzi\u0105\u0107 udzia\u0142 w konkursie, musz\u0105 uzyska\u0107 zgod\u0119 rodzic\u00f3w przed wys\u0142aniem zg\u0142oszenia. Zgoda zostanie wybrana za po\u015brednictwem formularza zg\u0142oszeniowego.<\/p>\n\n\n\n<p>Zg\u0142oszenia nale\u017cy przesy\u0142a\u0107 mi\u0119dzy 09 listopada 2023 r. a 17 stycznia 2024 r. Zg\u0142oszenia zostan\u0105 zamkni\u0119te o p\u00f3\u0142nocy 17 stycznia 2024 r. Uczestnicy mog\u0105 wzi\u0105\u0107 udzia\u0142 w konkursie tylko raz.<\/p>\n\n\n\n<p>MED-EL wed\u0142ug w\u0142asnego uznania wybierze finalist\u00f3w na podstawie wykazania si\u0119 oryginalno\u015bci\u0105, kreatywno\u015bci\u0105, praktyczno\u015bci\u0105, wyobra\u017ani\u0105, innowacyjno\u015bci\u0105 i adekwatno\u015bci\u0105 do marki. Kryteria oceny opieraj\u0105 si\u0119 na oryginalnym wynalazku, kt\u00f3ry mo\u017ce poprawi\u0107 jako\u015b\u0107 \u017cycia os\u00f3b z ubytkiem s\u0142uchu.<\/p>\n\n\n\n<p>Zwyci\u0119zcy zostan\u0105 nagrodzeni wycieczk\u0105 do Innsbrucka. Wycieczka odb\u0119dzie si\u0119 w czerwcu 2024 r. i obejmuje 2 noclegi ze \u015bniadaniem w hotelu w Innsbrucku dla 1 dziecka i 1 opiekuna w pokoju standardowym, podr\u00f3\u017c ekonomiczn\u0105 do iz jednego lotniska (Monachium, Wiede\u0144 lub Innsbruck), transfery lotniskowe, kart\u0119 powitaln\u0105 Innsbruck. Data podr\u00f3\u017cy zwyci\u0119zcy jest ustalana przez MED-EL i nie podlega negocjacjom. Nagrody dodatkowe mog\u0105 sk\u0142ada\u0107 si\u0119 z produkt\u00f3w merchandisingowych MED-EL, wed\u0142ug uznania MED-EL. Nagrody nie mog\u0105 zosta\u0107 przekazane, wykorzystane w innym roku ani wymienione na got\u00f3wk\u0119, kredyt lub us\u0142ug\u0119.<\/p>\n\n\n\n<p>Zwyci\u0119zcy zostan\u0105 og\u0142oszeni we wtorek 31 stycznia 2024 r. lub p\u00f3\u017aniej za po\u015brednictwem globalnego komunikatu medialnego. Zwyci\u0119zcy zostan\u0105 powiadomieni telefonicznie i\/lub e-mailem z wyprzedzeniem. Je\u015bli zwyci\u0119zca nie odpowie w ci\u0105gu 72 godzin od powiadomienia, MED-EL zastrzega sobie prawo do wy\u0142onienia nowego zwyci\u0119zcy. Decyzja MED-EL jest ostateczna i nie b\u0119dzie z ni\u0105 prowadzona \u017cadna korespondencja.<\/p>\n\n\n\n<p>Zg\u0142oszenia i pomys\u0142y przes\u0142ane w ramach konkursu, niezale\u017cnie od tego, czy wygra\u0142y, czy nie, staj\u0105 si\u0119 wy\u0142\u0105czn\u0105 w\u0142asno\u015bci\u0105 MED-EL i nie b\u0119d\u0105 potwierdzane ani zwracane. Mog\u0105 one by\u0107 r\u00f3wnie\u017c wykorzystywane do cel\u00f3w marketingowych i reklamowych MED-EL.<\/p>\n\n\n\n<p>Fotografie finalist\u00f3w i ich prac mog\u0105 by\u0107 publikowane na kana\u0142ach nale\u017c\u0105cych do MED-EL lub wykorzystywane w przysz\u0142ych celach promocyjnych, marketingowych lub reklamowych, w dowolnych mediach, bez wynagrodzenia, ogranicze\u0144 u\u017cytkowania, przypisywania lub odpowiedzialno\u015bci.<\/p>\n\n\n\n<p>Uczestnicy zgadzaj\u0105 si\u0119, \u017ce przes\u0142ane zg\u0142oszenia s\u0105 ich oryginaln\u0105 prac\u0105 stworzon\u0105 przez nich osobi\u015bcie.<\/p>\n\n\n\n<p>Zwyci\u0119zcy zostan\u0105 zaproszeni do udzia\u0142u w wydarzeniach reklamowych i promocjach z udzia\u0142em medi\u00f3w zar\u00f3wno w kana\u0142ach online, jak i offline. Uczestnicy wyra\u017caj\u0105 zgod\u0119 na udzia\u0142 w takich dzia\u0142aniach, je\u015bli zostan\u0105 wybrani jako zwyci\u0119zcy konkursu.<\/p>\n\n\n\n<p>Ka\u017cdy uczestnik zgadza si\u0119, \u017ce jego zg\u0142oszenie w ca\u0142o\u015bci lub w dowolnej jego cz\u0119\u015bci (w tym imi\u0119 i nazwisko, miasto \/ miasto \/ kraj uczestnicz\u0105cy w konkursie i zdj\u0119cie) mo\u017ce zosta\u0107 opublikowane przez MED-EL (w formie drukowanej i \/ lub online, w mediach spo\u0142eczno\u015bciowych) i wykorzystane do innych cel\u00f3w i dzia\u0142a\u0144 reklamowych. Uwaga: NIE obejmuje to adres\u00f3w e-mail ani adres\u00f3w domowych uczestnik\u00f3w.<\/p>\n\n\n\n<p>Bior\u0105c udzia\u0142 w konkursie, uczestnicy wyra\u017caj\u0105 zgod\u0119 na przestrzeganie niniejszych zasad i warunk\u00f3w oraz na to, \u017ce decyzja MED-EL jest ostateczna i wi\u0105\u017c\u0105ca we wszystkich kwestiach zwi\u0105zanych z tym konkursem.<\/p>\n\n\n\n<p>Wszystkie zg\u0142oszenia uwa\u017ca si\u0119 za otrzymane w momencie ich otrzymania przez MED-EL, a NIE w momencie ich przes\u0142ania przez uczestnika. Dokumentacja MED-EL jest rozstrzygaj\u0105ca co do czasu otrzymania zg\u0142oszenia. Zg\u0142oszenia sp\u00f3\u017anione, zagubione, skradzione, b\u0142\u0119dnie skierowane, nielegalne, niekompletne, nieczytelne, uszkodzone, powielone lub zmienione s\u0105 niewa\u017cne. MED-EL nie ponosi odpowiedzialno\u015bci za takie zg\u0142oszenia ani za jakiekolwiek b\u0142\u0119dy, awarie techniczne, utrat\u0119, pomini\u0119cie, op\u00f3\u017anienie lub awari\u0119 komunikacji.<\/p>\n\n\n\n<p>MED-EL zastrzega sobie prawo do zmiany niniejszych warunk\u00f3w lub do modyfikacji, zawieszenia, zako\u0144czenia lub anulowania konkursu w dowolnym momencie bez wcze\u015bniejszego powiadomienia.<\/p>\n\n\n\n<p>MED-EL nie ponosi \u017cadnej odpowiedzialno\u015bci za jakiekolwiek straty, szkody, obra\u017cenia lub rozczarowanie poniesione przez jakiegokolwiek uczestnika (w tym jakiegokolwiek go\u015bcia) wynikaj\u0105ce z udzia\u0142u w konkursie i\/lub przyj\u0119cia i\/lub udzia\u0142u w kt\u00f3rejkolwiek z nagr\u00f3d.<\/p>\n","protected":false},"excerpt":{"rendered":"<p>Konkurs na wynalazek dla dzieci IDEASforEARS Informacje o tym, jak wzi\u0105\u0107 udzia\u0142 w konkursie i wszystkie szczeg\u00f3\u0142y dotycz\u0105ce konkursu zostan\u0105 podane w formularzu zg\u0142oszeniowym do konkursu. W przypadku niesp\u00f3jno\u015bci pierwsze\u0144stwo maj\u0105 poni\u017csze warunki. Przyst\u0119puj\u0105c do konkursu, uczestnicy akceptuj\u0105 niniejsze warunki. W konkursie mog\u0105 wzi\u0105\u0107 udzia\u0142 dzieci w wieku od 6 do 12 lat (w okresie [&hellip;]<\/p>\n","protected":false},"author":1,"featured_media":1696,"parent":0,"menu_order":0,"comment_status":"closed","ping_status":"closed","template":"","meta":{"footnotes":""},"class_list":["post-1408","page","type-page","status-publish","has-post-thumbnail","hentry"],"acf":[],"yoast_head":"<!-- This site is optimized with the Yoast SEO plugin v25.5 - https:\/\/yoast.com\/wordpress\/plugins\/seo\/ -->\n<title>Regulamin konkursu mi\u0119dzynarodowego - IDEASforEARS<\/title>\n<meta name=\"description\" content=\"One idea can change lives and give you the chance to win a trip of a lifetime\" \/>\n<meta name=\"robots\" content=\"index, follow, max-snippet:-1, max-image-preview:large, max-video-preview:-1\" \/>\n<link rel=\"canonical\" href=\"https:\/\/ideasforears.medel.com\/pl\/regulamin-konkursu-miedzynarodowego\/\" \/>\n<meta property=\"og:locale\" content=\"pl_PL\" \/>\n<meta property=\"og:type\" content=\"article\" \/>\n<meta property=\"og:title\" content=\"Regulamin konkursu mi\u0119dzynarodowego - IDEASforEARS\" \/>\n<meta property=\"og:description\" content=\"One idea can change lives and give you the chance to win a trip of a lifetime\" \/>\n<meta property=\"og:url\" content=\"https:\/\/ideasforears.medel.com\/pl\/regulamin-konkursu-miedzynarodowego\/\" \/>\n<meta property=\"og:site_name\" content=\"IDEASforEARS\" \/>\n<meta property=\"article:publisher\" content=\"https:\/\/www.facebook.com\/IDEASforEARScontest\/\" \/>\n<meta property=\"article:modified_time\" content=\"2023-11-08T02:27:57+00:00\" \/>\n<meta name=\"twitter:card\" content=\"summary_large_image\" \/>\n<meta name=\"twitter:label1\" content=\"Est. reading time\" \/>\n\t<meta name=\"twitter:data1\" content=\"3 minutes\" \/>\n<script type=\"application\/ld+json\" class=\"yoast-schema-graph\">{\"@context\":\"https:\/\/schema.org\",\"@graph\":[{\"@type\":\"WebPage\",\"@id\":\"https:\/\/ideasforears.medel.com\/pl\/regulamin-konkursu-miedzynarodowego\/\",\"url\":\"https:\/\/ideasforears.medel.com\/pl\/regulamin-konkursu-miedzynarodowego\/\",\"name\":\"Regulamin konkursu mi\u0119dzynarodowego - IDEASforEARS\",\"isPartOf\":{\"@id\":\"https:\/\/ideasforears.medel.com\/pl\/#website\"},\"primaryImageOfPage\":{\"@id\":\"https:\/\/ideasforears.medel.com\/pl\/regulamin-konkursu-miedzynarodowego\/#primaryimage\"},\"image\":{\"@id\":\"https:\/\/ideasforears.medel.com\/pl\/regulamin-konkursu-miedzynarodowego\/#primaryimage\"},\"thumbnailUrl\":\"https:\/\/ideasforears.medel.com\/wp-content\/uploads\/2023\/10\/logo_ideas_for_ears.svg\",\"datePublished\":\"2023-11-08T02:14:36+00:00\",\"dateModified\":\"2023-11-08T02:27:57+00:00\",\"description\":\"One idea can change lives and give you the chance to win a trip of a lifetime\",\"breadcrumb\":{\"@id\":\"https:\/\/ideasforears.medel.com\/pl\/regulamin-konkursu-miedzynarodowego\/#breadcrumb\"},\"inLanguage\":\"pl\",\"potentialAction\":[{\"@type\":\"ReadAction\",\"target\":[\"https:\/\/ideasforears.medel.com\/pl\/regulamin-konkursu-miedzynarodowego\/\"]}]},{\"@type\":\"ImageObject\",\"inLanguage\":\"pl\",\"@id\":\"https:\/\/ideasforears.medel.com\/pl\/regulamin-konkursu-miedzynarodowego\/#primaryimage\",\"url\":\"https:\/\/ideasforears.medel.com\/wp-content\/uploads\/2023\/10\/logo_ideas_for_ears.svg\",\"contentUrl\":\"https:\/\/ideasforears.medel.com\/wp-content\/uploads\/2023\/10\/logo_ideas_for_ears.svg\",\"width\":97,\"height\":70},{\"@type\":\"BreadcrumbList\",\"@id\":\"https:\/\/ideasforears.medel.com\/pl\/regulamin-konkursu-miedzynarodowego\/#breadcrumb\",\"itemListElement\":[{\"@type\":\"ListItem\",\"position\":1,\"name\":\"Home\",\"item\":\"https:\/\/live-ideasforears.pantheonsite.io\/pl\/\"},{\"@type\":\"ListItem\",\"position\":2,\"name\":\"Regulamin konkursu mi\u0119dzynarodowego\"}]},{\"@type\":\"WebSite\",\"@id\":\"https:\/\/ideasforears.medel.com\/pl\/#website\",\"url\":\"https:\/\/ideasforears.medel.com\/pl\/\",\"name\":\"IDEASforEARS\",\"description\":\"\",\"publisher\":{\"@id\":\"https:\/\/ideasforears.medel.com\/pl\/#organization\"},\"potentialAction\":[{\"@type\":\"SearchAction\",\"target\":{\"@type\":\"EntryPoint\",\"urlTemplate\":\"https:\/\/ideasforears.medel.com\/pl\/?s={search_term_string}\"},\"query-input\":{\"@type\":\"PropertyValueSpecification\",\"valueRequired\":true,\"valueName\":\"search_term_string\"}}],\"inLanguage\":\"pl\"},{\"@type\":\"Organization\",\"@id\":\"https:\/\/ideasforears.medel.com\/pl\/#organization\",\"name\":\"IDEASforEARS\",\"url\":\"https:\/\/ideasforears.medel.com\/pl\/\",\"logo\":{\"@type\":\"ImageObject\",\"inLanguage\":\"pl\",\"@id\":\"https:\/\/ideasforears.medel.com\/pl\/#\/schema\/logo\/image\/\",\"url\":\"https:\/\/ideasforears.medel.com\/wp-content\/uploads\/2023\/10\/logo_ideas_for_ears.svg\",\"contentUrl\":\"https:\/\/ideasforears.medel.com\/wp-content\/uploads\/2023\/10\/logo_ideas_for_ears.svg\",\"width\":97,\"height\":70,\"caption\":\"IDEASforEARS\"},\"image\":{\"@id\":\"https:\/\/ideasforears.medel.com\/pl\/#\/schema\/logo\/image\/\"},\"sameAs\":[\"https:\/\/www.facebook.com\/IDEASforEARScontest\/\"]}]}<\/script>\n<!-- \/ Yoast SEO plugin. -->","yoast_head_json":{"title":"Regulamin konkursu mi\u0119dzynarodowego - IDEASforEARS","description":"One idea can change lives and give you the chance to win a trip of a lifetime","robots":{"index":"index","follow":"follow","max-snippet":"max-snippet:-1","max-image-preview":"max-image-preview:large","max-video-preview":"max-video-preview:-1"},"canonical":"https:\/\/ideasforears.medel.com\/pl\/regulamin-konkursu-miedzynarodowego\/","og_locale":"pl_PL","og_type":"article","og_title":"Regulamin konkursu mi\u0119dzynarodowego - IDEASforEARS","og_description":"One idea can change lives and give you the chance to win a trip of a lifetime","og_url":"https:\/\/ideasforears.medel.com\/pl\/regulamin-konkursu-miedzynarodowego\/","og_site_name":"IDEASforEARS","article_publisher":"https:\/\/www.facebook.com\/IDEASforEARScontest\/","article_modified_time":"2023-11-08T02:27:57+00:00","twitter_card":"summary_large_image","twitter_misc":{"Est. reading time":"3 minutes"},"schema":{"@context":"https:\/\/schema.org","@graph":[{"@type":"WebPage","@id":"https:\/\/ideasforears.medel.com\/pl\/regulamin-konkursu-miedzynarodowego\/","url":"https:\/\/ideasforears.medel.com\/pl\/regulamin-konkursu-miedzynarodowego\/","name":"Regulamin konkursu mi\u0119dzynarodowego - IDEASforEARS","isPartOf":{"@id":"https:\/\/ideasforears.medel.com\/pl\/#website"},"primaryImageOfPage":{"@id":"https:\/\/ideasforears.medel.com\/pl\/regulamin-konkursu-miedzynarodowego\/#primaryimage"},"image":{"@id":"https:\/\/ideasforears.medel.com\/pl\/regulamin-konkursu-miedzynarodowego\/#primaryimage"},"thumbnailUrl":"https:\/\/ideasforears.medel.com\/wp-content\/uploads\/2023\/10\/logo_ideas_for_ears.svg","datePublished":"2023-11-08T02:14:36+00:00","dateModified":"2023-11-08T02:27:57+00:00","description":"One idea can change lives and give you the chance to win a trip of a lifetime","breadcrumb":{"@id":"https:\/\/ideasforears.medel.com\/pl\/regulamin-konkursu-miedzynarodowego\/#breadcrumb"},"inLanguage":"pl","potentialAction":[{"@type":"ReadAction","target":["https:\/\/ideasforears.medel.com\/pl\/regulamin-konkursu-miedzynarodowego\/"]}]},{"@type":"ImageObject","inLanguage":"pl","@id":"https:\/\/ideasforears.medel.com\/pl\/regulamin-konkursu-miedzynarodowego\/#primaryimage","url":"https:\/\/ideasforears.medel.com\/wp-content\/uploads\/2023\/10\/logo_ideas_for_ears.svg","contentUrl":"https:\/\/ideasforears.medel.com\/wp-content\/uploads\/2023\/10\/logo_ideas_for_ears.svg","width":97,"height":70},{"@type":"BreadcrumbList","@id":"https:\/\/ideasforears.medel.com\/pl\/regulamin-konkursu-miedzynarodowego\/#breadcrumb","itemListElement":[{"@type":"ListItem","position":1,"name":"Home","item":"https:\/\/live-ideasforears.pantheonsite.io\/pl\/"},{"@type":"ListItem","position":2,"name":"Regulamin konkursu mi\u0119dzynarodowego"}]},{"@type":"WebSite","@id":"https:\/\/ideasforears.medel.com\/pl\/#website","url":"https:\/\/ideasforears.medel.com\/pl\/","name":"IDEASforEARS","description":"","publisher":{"@id":"https:\/\/ideasforears.medel.com\/pl\/#organization"},"potentialAction":[{"@type":"SearchAction","target":{"@type":"EntryPoint","urlTemplate":"https:\/\/ideasforears.medel.com\/pl\/?s={search_term_string}"},"query-input":{"@type":"PropertyValueSpecification","valueRequired":true,"valueName":"search_term_string"}}],"inLanguage":"pl"},{"@type":"Organization","@id":"https:\/\/ideasforears.medel.com\/pl\/#organization","name":"IDEASforEARS","url":"https:\/\/ideasforears.medel.com\/pl\/","logo":{"@type":"ImageObject","inLanguage":"pl","@id":"https:\/\/ideasforears.medel.com\/pl\/#\/schema\/logo\/image\/","url":"https:\/\/ideasforears.medel.com\/wp-content\/uploads\/2023\/10\/logo_ideas_for_ears.svg","contentUrl":"https:\/\/ideasforears.medel.com\/wp-content\/uploads\/2023\/10\/logo_ideas_for_ears.svg","width":97,"height":70,"caption":"IDEASforEARS"},"image":{"@id":"https:\/\/ideasforears.medel.com\/pl\/#\/schema\/logo\/image\/"},"sameAs":["https:\/\/www.facebook.com\/IDEASforEARScontest\/"]}]}},"_links":{"self":[{"href":"https:\/\/ideasforears.medel.com\/pl\/wp-json\/wp\/v2\/pages\/1408","targetHints":{"allow":["GET"]}}],"collection":[{"href":"https:\/\/ideasforears.medel.com\/pl\/wp-json\/wp\/v2\/pages"}],"about":[{"href":"https:\/\/ideasforears.medel.com\/pl\/wp-json\/wp\/v2\/types\/page"}],"author":[{"embeddable":true,"href":"https:\/\/ideasforears.medel.com\/pl\/wp-json\/wp\/v2\/users\/1"}],"replies":[{"embeddable":true,"href":"https:\/\/ideasforears.medel.com\/pl\/wp-json\/wp\/v2\/comments?post=1408"}],"version-history":[{"count":1,"href":"https:\/\/ideasforears.medel.com\/pl\/wp-json\/wp\/v2\/pages\/1408\/revisions"}],"predecessor-version":[{"id":1409,"href":"https:\/\/ideasforears.medel.com\/pl\/wp-json\/wp\/v2\/pages\/1408\/revisions\/1409"}],"wp:featuredmedia":[{"embeddable":true,"href":"https:\/\/ideasforears.medel.com\/pl\/wp-json\/wp\/v2\/media\/1696"}],"wp:attachment":[{"href":"https:\/\/ideasforears.medel.com\/pl\/wp-json\/wp\/v2\/media?parent=1408"}],"curies":[{"name":"wp","href":"https:\/\/api.w.org\/{rel}","templated":true}]}}