{"id":1710,"date":"2023-11-23T03:55:36","date_gmt":"2023-11-23T03:55:36","guid":{"rendered":"https:\/\/ideasforears.medel.com\/?page_id=1710"},"modified":"2025-11-03T18:03:25","modified_gmt":"2025-11-03T18:03:25","slug":"dziekuje","status":"publish","type":"page","link":"https:\/\/ideasforears.medel.com\/pl\/dziekuje\/","title":{"rendered":"Dzi\u0119kuj\u0119"},"content":{"rendered":"\n<div class=\"col-12 text-center color-white text-white\">\n        <h2 class=\"w-900\">Dzi\u0119kujemy za podzielenie si\u0119 pomys\u0142em.<\/h2>\n        <p>Tw\u00f3j pomys\u0142 zosta\u0142 pomy\u015blnie zg\u0142oszony. Prosimy o oczekiwanie na wyb\u00f3r s\u0119dzi\u00f3w. Zwyci\u0119zcy zostan\u0105 og\u0142oszeni 12 lutego 2026 roku.<\/p>\n        <div class=\"separator mb-5 background-white\"><\/div>\n      <\/div>\n    <a class=\"prev-step\" href=\"https:\/\/ideasforears.medel.com\/pl\">Wr\u00f3ci\u0107 do domu<\/a>\n","protected":false},"excerpt":{"rendered":"<p>Dzi\u0119kujemy za podzielenie si\u0119 pomys\u0142em. Tw\u00f3j pomys\u0142 zosta\u0142 pomy\u015blnie zg\u0142oszony. Prosimy o oczekiwanie na wyb\u00f3r s\u0119dzi\u00f3w. Zwyci\u0119zcy zostan\u0105 og\u0142oszeni 12 lutego 2026 roku. Wr\u00f3ci\u0107 do domu<\/p>\n","protected":false},"author":1,"featured_media":1696,"parent":0,"menu_order":0,"comment_status":"closed","ping_status":"closed","template":"template-thankyou.php","meta":{"footnotes":""},"class_list":["post-1710","page","type-page","status-publish","has-post-thumbnail","hentry"],"acf":[],"yoast_head":"<!-- This site is optimized with the Yoast SEO plugin v25.5 - https:\/\/yoast.com\/wordpress\/plugins\/seo\/ -->\n<title>Dzi\u0119kuj\u0119 - IDEASforEARS<\/title>\n<meta name=\"description\" content=\"One idea can change lives and give you the chance to win a trip of a lifetime\" \/>\n<meta name=\"robots\" content=\"index, follow, max-snippet:-1, max-image-preview:large, max-video-preview:-1\" \/>\n<link rel=\"canonical\" href=\"https:\/\/ideasforears.medel.com\/pl\/dziekuje\/\" \/>\n<meta property=\"og:locale\" content=\"pl_PL\" \/>\n<meta property=\"og:type\" content=\"article\" \/>\n<meta property=\"og:title\" content=\"Dzi\u0119kuj\u0119 - IDEASforEARS\" \/>\n<meta property=\"og:description\" content=\"One idea can change lives and give you the chance to win a trip of a lifetime\" \/>\n<meta property=\"og:url\" content=\"https:\/\/ideasforears.medel.com\/pl\/dziekuje\/\" \/>\n<meta property=\"og:site_name\" content=\"IDEASforEARS\" \/>\n<meta property=\"article:publisher\" content=\"https:\/\/www.facebook.com\/IDEASforEARScontest\/\" \/>\n<meta property=\"article:modified_time\" content=\"2025-11-03T18:03:25+00:00\" \/>\n<meta name=\"twitter:card\" content=\"summary_large_image\" \/>\n<meta name=\"twitter:label1\" content=\"Est. reading time\" \/>\n\t<meta name=\"twitter:data1\" content=\"1 minute\" \/>\n<script type=\"application\/ld+json\" class=\"yoast-schema-graph\">{\"@context\":\"https:\/\/schema.org\",\"@graph\":[{\"@type\":\"WebPage\",\"@id\":\"https:\/\/ideasforears.medel.com\/pl\/dziekuje\/\",\"url\":\"https:\/\/ideasforears.medel.com\/pl\/dziekuje\/\",\"name\":\"Dzi\u0119kuj\u0119 - IDEASforEARS\",\"isPartOf\":{\"@id\":\"https:\/\/ideasforears.medel.com\/pl\/#website\"},\"primaryImageOfPage\":{\"@id\":\"https:\/\/ideasforears.medel.com\/pl\/dziekuje\/#primaryimage\"},\"image\":{\"@id\":\"https:\/\/ideasforears.medel.com\/pl\/dziekuje\/#primaryimage\"},\"thumbnailUrl\":\"https:\/\/ideasforears.medel.com\/wp-content\/uploads\/2023\/10\/logo_ideas_for_ears.svg\",\"datePublished\":\"2023-11-23T03:55:36+00:00\",\"dateModified\":\"2025-11-03T18:03:25+00:00\",\"description\":\"One idea can change lives and give you the chance to win a trip of a lifetime\",\"breadcrumb\":{\"@id\":\"https:\/\/ideasforears.medel.com\/pl\/dziekuje\/#breadcrumb\"},\"inLanguage\":\"pl\",\"potentialAction\":[{\"@type\":\"ReadAction\",\"target\":[\"https:\/\/ideasforears.medel.com\/pl\/dziekuje\/\"]}]},{\"@type\":\"ImageObject\",\"inLanguage\":\"pl\",\"@id\":\"https:\/\/ideasforears.medel.com\/pl\/dziekuje\/#primaryimage\",\"url\":\"https:\/\/ideasforears.medel.com\/wp-content\/uploads\/2023\/10\/logo_ideas_for_ears.svg\",\"contentUrl\":\"https:\/\/ideasforears.medel.com\/wp-content\/uploads\/2023\/10\/logo_ideas_for_ears.svg\",\"width\":97,\"height\":70},{\"@type\":\"BreadcrumbList\",\"@id\":\"https:\/\/ideasforears.medel.com\/pl\/dziekuje\/#breadcrumb\",\"itemListElement\":[{\"@type\":\"ListItem\",\"position\":1,\"name\":\"Home\",\"item\":\"https:\/\/live-ideasforears.pantheonsite.io\/pl\/\"},{\"@type\":\"ListItem\",\"position\":2,\"name\":\"Dzi\u0119kuj\u0119\"}]},{\"@type\":\"WebSite\",\"@id\":\"https:\/\/ideasforears.medel.com\/pl\/#website\",\"url\":\"https:\/\/ideasforears.medel.com\/pl\/\",\"name\":\"IDEASforEARS\",\"description\":\"\",\"publisher\":{\"@id\":\"https:\/\/ideasforears.medel.com\/pl\/#organization\"},\"potentialAction\":[{\"@type\":\"SearchAction\",\"target\":{\"@type\":\"EntryPoint\",\"urlTemplate\":\"https:\/\/ideasforears.medel.com\/pl\/?s={search_term_string}\"},\"query-input\":{\"@type\":\"PropertyValueSpecification\",\"valueRequired\":true,\"valueName\":\"search_term_string\"}}],\"inLanguage\":\"pl\"},{\"@type\":\"Organization\",\"@id\":\"https:\/\/ideasforears.medel.com\/pl\/#organization\",\"name\":\"IDEASforEARS\",\"url\":\"https:\/\/ideasforears.medel.com\/pl\/\",\"logo\":{\"@type\":\"ImageObject\",\"inLanguage\":\"pl\",\"@id\":\"https:\/\/ideasforears.medel.com\/pl\/#\/schema\/logo\/image\/\",\"url\":\"https:\/\/ideasforears.medel.com\/wp-content\/uploads\/2023\/10\/logo_ideas_for_ears.svg\",\"contentUrl\":\"https:\/\/ideasforears.medel.com\/wp-content\/uploads\/2023\/10\/logo_ideas_for_ears.svg\",\"width\":97,\"height\":70,\"caption\":\"IDEASforEARS\"},\"image\":{\"@id\":\"https:\/\/ideasforears.medel.com\/pl\/#\/schema\/logo\/image\/\"},\"sameAs\":[\"https:\/\/www.facebook.com\/IDEASforEARScontest\/\"]}]}<\/script>\n<!-- \/ Yoast SEO plugin. -->","yoast_head_json":{"title":"Dzi\u0119kuj\u0119 - IDEASforEARS","description":"One idea can change lives and give you the chance to win a trip of a lifetime","robots":{"index":"index","follow":"follow","max-snippet":"max-snippet:-1","max-image-preview":"max-image-preview:large","max-video-preview":"max-video-preview:-1"},"canonical":"https:\/\/ideasforears.medel.com\/pl\/dziekuje\/","og_locale":"pl_PL","og_type":"article","og_title":"Dzi\u0119kuj\u0119 - IDEASforEARS","og_description":"One idea can change lives and give you the chance to win a trip of a lifetime","og_url":"https:\/\/ideasforears.medel.com\/pl\/dziekuje\/","og_site_name":"IDEASforEARS","article_publisher":"https:\/\/www.facebook.com\/IDEASforEARScontest\/","article_modified_time":"2025-11-03T18:03:25+00:00","twitter_card":"summary_large_image","twitter_misc":{"Est. reading time":"1 minute"},"schema":{"@context":"https:\/\/schema.org","@graph":[{"@type":"WebPage","@id":"https:\/\/ideasforears.medel.com\/pl\/dziekuje\/","url":"https:\/\/ideasforears.medel.com\/pl\/dziekuje\/","name":"Dzi\u0119kuj\u0119 - IDEASforEARS","isPartOf":{"@id":"https:\/\/ideasforears.medel.com\/pl\/#website"},"primaryImageOfPage":{"@id":"https:\/\/ideasforears.medel.com\/pl\/dziekuje\/#primaryimage"},"image":{"@id":"https:\/\/ideasforears.medel.com\/pl\/dziekuje\/#primaryimage"},"thumbnailUrl":"https:\/\/ideasforears.medel.com\/wp-content\/uploads\/2023\/10\/logo_ideas_for_ears.svg","datePublished":"2023-11-23T03:55:36+00:00","dateModified":"2025-11-03T18:03:25+00:00","description":"One idea can change lives and give you the chance to win a trip of a lifetime","breadcrumb":{"@id":"https:\/\/ideasforears.medel.com\/pl\/dziekuje\/#breadcrumb"},"inLanguage":"pl","potentialAction":[{"@type":"ReadAction","target":["https:\/\/ideasforears.medel.com\/pl\/dziekuje\/"]}]},{"@type":"ImageObject","inLanguage":"pl","@id":"https:\/\/ideasforears.medel.com\/pl\/dziekuje\/#primaryimage","url":"https:\/\/ideasforears.medel.com\/wp-content\/uploads\/2023\/10\/logo_ideas_for_ears.svg","contentUrl":"https:\/\/ideasforears.medel.com\/wp-content\/uploads\/2023\/10\/logo_ideas_for_ears.svg","width":97,"height":70},{"@type":"BreadcrumbList","@id":"https:\/\/ideasforears.medel.com\/pl\/dziekuje\/#breadcrumb","itemListElement":[{"@type":"ListItem","position":1,"name":"Home","item":"https:\/\/live-ideasforears.pantheonsite.io\/pl\/"},{"@type":"ListItem","position":2,"name":"Dzi\u0119kuj\u0119"}]},{"@type":"WebSite","@id":"https:\/\/ideasforears.medel.com\/pl\/#website","url":"https:\/\/ideasforears.medel.com\/pl\/","name":"IDEASforEARS","description":"","publisher":{"@id":"https:\/\/ideasforears.medel.com\/pl\/#organization"},"potentialAction":[{"@type":"SearchAction","target":{"@type":"EntryPoint","urlTemplate":"https:\/\/ideasforears.medel.com\/pl\/?s={search_term_string}"},"query-input":{"@type":"PropertyValueSpecification","valueRequired":true,"valueName":"search_term_string"}}],"inLanguage":"pl"},{"@type":"Organization","@id":"https:\/\/ideasforears.medel.com\/pl\/#organization","name":"IDEASforEARS","url":"https:\/\/ideasforears.medel.com\/pl\/","logo":{"@type":"ImageObject","inLanguage":"pl","@id":"https:\/\/ideasforears.medel.com\/pl\/#\/schema\/logo\/image\/","url":"https:\/\/ideasforears.medel.com\/wp-content\/uploads\/2023\/10\/logo_ideas_for_ears.svg","contentUrl":"https:\/\/ideasforears.medel.com\/wp-content\/uploads\/2023\/10\/logo_ideas_for_ears.svg","width":97,"height":70,"caption":"IDEASforEARS"},"image":{"@id":"https:\/\/ideasforears.medel.com\/pl\/#\/schema\/logo\/image\/"},"sameAs":["https:\/\/www.facebook.com\/IDEASforEARScontest\/"]}]}},"_links":{"self":[{"href":"https:\/\/ideasforears.medel.com\/pl\/wp-json\/wp\/v2\/pages\/1710","targetHints":{"allow":["GET"]}}],"collection":[{"href":"https:\/\/ideasforears.medel.com\/pl\/wp-json\/wp\/v2\/pages"}],"about":[{"href":"https:\/\/ideasforears.medel.com\/pl\/wp-json\/wp\/v2\/types\/page"}],"author":[{"embeddable":true,"href":"https:\/\/ideasforears.medel.com\/pl\/wp-json\/wp\/v2\/users\/1"}],"replies":[{"embeddable":true,"href":"https:\/\/ideasforears.medel.com\/pl\/wp-json\/wp\/v2\/comments?post=1710"}],"version-history":[{"count":4,"href":"https:\/\/ideasforears.medel.com\/pl\/wp-json\/wp\/v2\/pages\/1710\/revisions"}],"predecessor-version":[{"id":26533,"href":"https:\/\/ideasforears.medel.com\/pl\/wp-json\/wp\/v2\/pages\/1710\/revisions\/26533"}],"wp:featuredmedia":[{"embeddable":true,"href":"https:\/\/ideasforears.medel.com\/pl\/wp-json\/wp\/v2\/media\/1696"}],"wp:attachment":[{"href":"https:\/\/ideasforears.medel.com\/pl\/wp-json\/wp\/v2\/media?parent=1710"}],"curies":[{"name":"wp","href":"https:\/\/api.w.org\/{rel}","templated":true}]}}