{"id":3280,"date":"2024-02-06T20:44:39","date_gmt":"2024-02-06T20:44:39","guid":{"rendered":"https:\/\/ideasforears.medel.com\/?page_id=3280"},"modified":"2026-02-21T14:45:00","modified_gmt":"2026-02-21T14:45:00","slug":"zwyciezca-2","status":"publish","type":"page","link":"https:\/\/ideasforears.medel.com\/pl\/","title":{"rendered":"Zwyci\u0119zca"},"content":{"rendered":"","protected":false},"excerpt":{"rendered":"","protected":false},"author":1,"featured_media":398,"parent":0,"menu_order":0,"comment_status":"closed","ping_status":"closed","template":"template-homepage.php","meta":{"footnotes":""},"class_list":["post-3280","page","type-page","status-publish","has-post-thumbnail","hentry"],"acf":[],"yoast_head":"<!-- This site is optimized with the Yoast SEO plugin v25.5 - https:\/\/yoast.com\/wordpress\/plugins\/seo\/ -->\n<title>Zwyci\u0119zca - IDEASforEARS<\/title>\n<meta name=\"description\" content=\"Og\u0142oszenie zwyci\u0119zcy 2026 | Jeden pomys\u0142 mo\u017ce zmieni\u0107 \u017cycie i da\u0107 ci szans\u0119 na wygranie podr\u00f3\u017cy \u017cycia.\" \/>\n<meta name=\"robots\" content=\"index, follow, max-snippet:-1, max-image-preview:large, max-video-preview:-1\" \/>\n<link rel=\"canonical\" href=\"https:\/\/ideasforears.medel.com\/pl\/\" \/>\n<meta property=\"og:locale\" content=\"pl_PL\" \/>\n<meta property=\"og:type\" content=\"article\" \/>\n<meta property=\"og:title\" content=\"Zwyci\u0119zca - IDEASforEARS\" \/>\n<meta property=\"og:description\" content=\"Og\u0142oszenie zwyci\u0119zcy 2026 | Jeden pomys\u0142 mo\u017ce zmieni\u0107 \u017cycie i da\u0107 ci szans\u0119 na wygranie podr\u00f3\u017cy \u017cycia.\" \/>\n<meta property=\"og:url\" content=\"https:\/\/ideasforears.medel.com\/pl\/\" \/>\n<meta property=\"og:site_name\" content=\"IDEASforEARS\" \/>\n<meta property=\"article:publisher\" content=\"https:\/\/www.facebook.com\/IDEASforEARScontest\/\" \/>\n<meta property=\"article:modified_time\" content=\"2026-02-21T14:45:00+00:00\" \/>\n<meta property=\"og:image\" content=\"https:\/\/live-ideasforears.pantheonsite.io\/wp-content\/uploads\/2023\/10\/DSC07906-2-scaled-e1698132798653.jpg\" \/>\n\t<meta property=\"og:image:width\" content=\"1707\" \/>\n\t<meta property=\"og:image:height\" content=\"2560\" \/>\n\t<meta property=\"og:image:type\" content=\"image\/jpeg\" \/>\n<meta name=\"twitter:card\" content=\"summary_large_image\" \/>\n<meta name=\"twitter:label1\" content=\"Est. reading time\" \/>\n\t<meta name=\"twitter:data1\" content=\"1 minute\" \/>\n<script type=\"application\/ld+json\" class=\"yoast-schema-graph\">{\"@context\":\"https:\/\/schema.org\",\"@graph\":[{\"@type\":\"WebPage\",\"@id\":\"https:\/\/ideasforears.medel.com\/pl\/\",\"url\":\"https:\/\/ideasforears.medel.com\/pl\/\",\"name\":\"Zwyci\u0119zca - IDEASforEARS\",\"isPartOf\":{\"@id\":\"https:\/\/ideasforears.medel.com\/pl\/#website\"},\"primaryImageOfPage\":{\"@id\":\"https:\/\/ideasforears.medel.com\/pl\/#primaryimage\"},\"image\":{\"@id\":\"https:\/\/ideasforears.medel.com\/pl\/#primaryimage\"},\"thumbnailUrl\":\"https:\/\/ideasforears.medel.com\/wp-content\/uploads\/2023\/10\/DSC07906-2-scaled-e1698132798653.jpg\",\"datePublished\":\"2024-02-06T20:44:39+00:00\",\"dateModified\":\"2026-02-21T14:45:00+00:00\",\"description\":\"Og\u0142oszenie zwyci\u0119zcy 2026 | Jeden pomys\u0142 mo\u017ce zmieni\u0107 \u017cycie i da\u0107 ci szans\u0119 na wygranie podr\u00f3\u017cy \u017cycia.\",\"breadcrumb\":{\"@id\":\"https:\/\/ideasforears.medel.com\/pl\/#breadcrumb\"},\"inLanguage\":\"pl\",\"potentialAction\":[{\"@type\":\"ReadAction\",\"target\":[\"https:\/\/ideasforears.medel.com\/pl\/\"]}]},{\"@type\":\"ImageObject\",\"inLanguage\":\"pl\",\"@id\":\"https:\/\/ideasforears.medel.com\/pl\/#primaryimage\",\"url\":\"https:\/\/ideasforears.medel.com\/wp-content\/uploads\/2023\/10\/DSC07906-2-scaled-e1698132798653.jpg\",\"contentUrl\":\"https:\/\/ideasforears.medel.com\/wp-content\/uploads\/2023\/10\/DSC07906-2-scaled-e1698132798653.jpg\",\"width\":1707,\"height\":2560},{\"@type\":\"BreadcrumbList\",\"@id\":\"https:\/\/ideasforears.medel.com\/pl\/#breadcrumb\",\"itemListElement\":[{\"@type\":\"ListItem\",\"position\":1,\"name\":\"Home\",\"item\":\"https:\/\/live-ideasforears.pantheonsite.io\/pl\/\"},{\"@type\":\"ListItem\",\"position\":2,\"name\":\"Zwyci\u0119zca\"}]},{\"@type\":\"WebSite\",\"@id\":\"https:\/\/ideasforears.medel.com\/pl\/#website\",\"url\":\"https:\/\/ideasforears.medel.com\/pl\/\",\"name\":\"IDEASforEARS\",\"description\":\"\",\"publisher\":{\"@id\":\"https:\/\/ideasforears.medel.com\/pl\/#organization\"},\"potentialAction\":[{\"@type\":\"SearchAction\",\"target\":{\"@type\":\"EntryPoint\",\"urlTemplate\":\"https:\/\/ideasforears.medel.com\/pl\/?s={search_term_string}\"},\"query-input\":{\"@type\":\"PropertyValueSpecification\",\"valueRequired\":true,\"valueName\":\"search_term_string\"}}],\"inLanguage\":\"pl\"},{\"@type\":\"Organization\",\"@id\":\"https:\/\/ideasforears.medel.com\/pl\/#organization\",\"name\":\"IDEASforEARS\",\"url\":\"https:\/\/ideasforears.medel.com\/pl\/\",\"logo\":{\"@type\":\"ImageObject\",\"inLanguage\":\"pl\",\"@id\":\"https:\/\/ideasforears.medel.com\/pl\/#\/schema\/logo\/image\/\",\"url\":\"https:\/\/ideasforears.medel.com\/wp-content\/uploads\/2023\/10\/logo_ideas_for_ears.svg\",\"contentUrl\":\"https:\/\/ideasforears.medel.com\/wp-content\/uploads\/2023\/10\/logo_ideas_for_ears.svg\",\"width\":97,\"height\":70,\"caption\":\"IDEASforEARS\"},\"image\":{\"@id\":\"https:\/\/ideasforears.medel.com\/pl\/#\/schema\/logo\/image\/\"},\"sameAs\":[\"https:\/\/www.facebook.com\/IDEASforEARScontest\/\"]}]}<\/script>\n<!-- \/ Yoast SEO plugin. -->","yoast_head_json":{"title":"Zwyci\u0119zca - IDEASforEARS","description":"Og\u0142oszenie zwyci\u0119zcy 2026 | Jeden pomys\u0142 mo\u017ce zmieni\u0107 \u017cycie i da\u0107 ci szans\u0119 na wygranie podr\u00f3\u017cy \u017cycia.","robots":{"index":"index","follow":"follow","max-snippet":"max-snippet:-1","max-image-preview":"max-image-preview:large","max-video-preview":"max-video-preview:-1"},"canonical":"https:\/\/ideasforears.medel.com\/pl\/","og_locale":"pl_PL","og_type":"article","og_title":"Zwyci\u0119zca - IDEASforEARS","og_description":"Og\u0142oszenie zwyci\u0119zcy 2026 | Jeden pomys\u0142 mo\u017ce zmieni\u0107 \u017cycie i da\u0107 ci szans\u0119 na wygranie podr\u00f3\u017cy \u017cycia.","og_url":"https:\/\/ideasforears.medel.com\/pl\/","og_site_name":"IDEASforEARS","article_publisher":"https:\/\/www.facebook.com\/IDEASforEARScontest\/","article_modified_time":"2026-02-21T14:45:00+00:00","og_image":[{"width":1707,"height":2560,"url":"https:\/\/live-ideasforears.pantheonsite.io\/wp-content\/uploads\/2023\/10\/DSC07906-2-scaled-e1698132798653.jpg","type":"image\/jpeg"}],"twitter_card":"summary_large_image","twitter_misc":{"Est. reading time":"1 minute"},"schema":{"@context":"https:\/\/schema.org","@graph":[{"@type":"WebPage","@id":"https:\/\/ideasforears.medel.com\/pl\/","url":"https:\/\/ideasforears.medel.com\/pl\/","name":"Zwyci\u0119zca - IDEASforEARS","isPartOf":{"@id":"https:\/\/ideasforears.medel.com\/pl\/#website"},"primaryImageOfPage":{"@id":"https:\/\/ideasforears.medel.com\/pl\/#primaryimage"},"image":{"@id":"https:\/\/ideasforears.medel.com\/pl\/#primaryimage"},"thumbnailUrl":"https:\/\/ideasforears.medel.com\/wp-content\/uploads\/2023\/10\/DSC07906-2-scaled-e1698132798653.jpg","datePublished":"2024-02-06T20:44:39+00:00","dateModified":"2026-02-21T14:45:00+00:00","description":"Og\u0142oszenie zwyci\u0119zcy 2026 | Jeden pomys\u0142 mo\u017ce zmieni\u0107 \u017cycie i da\u0107 ci szans\u0119 na wygranie podr\u00f3\u017cy \u017cycia.","breadcrumb":{"@id":"https:\/\/ideasforears.medel.com\/pl\/#breadcrumb"},"inLanguage":"pl","potentialAction":[{"@type":"ReadAction","target":["https:\/\/ideasforears.medel.com\/pl\/"]}]},{"@type":"ImageObject","inLanguage":"pl","@id":"https:\/\/ideasforears.medel.com\/pl\/#primaryimage","url":"https:\/\/ideasforears.medel.com\/wp-content\/uploads\/2023\/10\/DSC07906-2-scaled-e1698132798653.jpg","contentUrl":"https:\/\/ideasforears.medel.com\/wp-content\/uploads\/2023\/10\/DSC07906-2-scaled-e1698132798653.jpg","width":1707,"height":2560},{"@type":"BreadcrumbList","@id":"https:\/\/ideasforears.medel.com\/pl\/#breadcrumb","itemListElement":[{"@type":"ListItem","position":1,"name":"Home","item":"https:\/\/live-ideasforears.pantheonsite.io\/pl\/"},{"@type":"ListItem","position":2,"name":"Zwyci\u0119zca"}]},{"@type":"WebSite","@id":"https:\/\/ideasforears.medel.com\/pl\/#website","url":"https:\/\/ideasforears.medel.com\/pl\/","name":"IDEASforEARS","description":"","publisher":{"@id":"https:\/\/ideasforears.medel.com\/pl\/#organization"},"potentialAction":[{"@type":"SearchAction","target":{"@type":"EntryPoint","urlTemplate":"https:\/\/ideasforears.medel.com\/pl\/?s={search_term_string}"},"query-input":{"@type":"PropertyValueSpecification","valueRequired":true,"valueName":"search_term_string"}}],"inLanguage":"pl"},{"@type":"Organization","@id":"https:\/\/ideasforears.medel.com\/pl\/#organization","name":"IDEASforEARS","url":"https:\/\/ideasforears.medel.com\/pl\/","logo":{"@type":"ImageObject","inLanguage":"pl","@id":"https:\/\/ideasforears.medel.com\/pl\/#\/schema\/logo\/image\/","url":"https:\/\/ideasforears.medel.com\/wp-content\/uploads\/2023\/10\/logo_ideas_for_ears.svg","contentUrl":"https:\/\/ideasforears.medel.com\/wp-content\/uploads\/2023\/10\/logo_ideas_for_ears.svg","width":97,"height":70,"caption":"IDEASforEARS"},"image":{"@id":"https:\/\/ideasforears.medel.com\/pl\/#\/schema\/logo\/image\/"},"sameAs":["https:\/\/www.facebook.com\/IDEASforEARScontest\/"]}]}},"_links":{"self":[{"href":"https:\/\/ideasforears.medel.com\/pl\/wp-json\/wp\/v2\/pages\/3280","targetHints":{"allow":["GET"]}}],"collection":[{"href":"https:\/\/ideasforears.medel.com\/pl\/wp-json\/wp\/v2\/pages"}],"about":[{"href":"https:\/\/ideasforears.medel.com\/pl\/wp-json\/wp\/v2\/types\/page"}],"author":[{"embeddable":true,"href":"https:\/\/ideasforears.medel.com\/pl\/wp-json\/wp\/v2\/users\/1"}],"replies":[{"embeddable":true,"href":"https:\/\/ideasforears.medel.com\/pl\/wp-json\/wp\/v2\/comments?post=3280"}],"version-history":[{"count":35,"href":"https:\/\/ideasforears.medel.com\/pl\/wp-json\/wp\/v2\/pages\/3280\/revisions"}],"predecessor-version":[{"id":26943,"href":"https:\/\/ideasforears.medel.com\/pl\/wp-json\/wp\/v2\/pages\/3280\/revisions\/26943"}],"wp:featuredmedia":[{"embeddable":true,"href":"https:\/\/ideasforears.medel.com\/pl\/wp-json\/wp\/v2\/media\/398"}],"wp:attachment":[{"href":"https:\/\/ideasforears.medel.com\/pl\/wp-json\/wp\/v2\/media?parent=3280"}],"curies":[{"name":"wp","href":"https:\/\/api.w.org\/{rel}","templated":true}]}}